{"id":34834,"date":"2025-08-06T02:49:51","date_gmt":"2025-08-06T02:49:51","guid":{"rendered":"https:\/\/mientrada.com.ar\/sati\/?post_type=product&#038;p=34834"},"modified":"2025-08-07T20:10:19","modified_gmt":"2025-08-07T20:10:19","slug":"taller-de-lo-simple-a-lo-complejo-discusion-paso-a-paso-del-paciente-critico-con-ira-nefrologia-y-medio-interno-nef717libb","status":"publish","type":"product","link":"https:\/\/mientrada.com.ar\/sati\/producto\/taller-de-lo-simple-a-lo-complejo-discusion-paso-a-paso-del-paciente-critico-con-ira-nefrologia-y-medio-interno-nef717libb\/","title":{"rendered":"Taller: De lo simple a lo Complejo: Discusi\u00f3n paso a paso del paciente cr\u00edtico con IRA  (NEFROLOGIA Y MEDIO INTERNO) (NEF717LIBB)"},"content":{"rendered":"<p>Inscripci\u00f3n a Taller con costo. Requiere Inscripci\u00f3n.<\/p>\n","protected":false},"excerpt":{"rendered":"<p>Inscripci\u00f3n a Taller con costo. Requiere Inscripci\u00f3n.<\/p>\n","protected":false},"author":2,"featured_media":21752,"template":"","meta":[],"product_brand":[],"product_cat":[24,29],"product_tag":[],"class_list":{"0":"post-34834","1":"product","2":"type-product","3":"status-publish","4":"has-post-thumbnail","6":"product_cat-talleres-pagos","7":"product_cat-talleres-sati-jueves-7","9":"first","10":"instock","11":"shipping-taxable","12":"purchasable","13":"product-type-variable"},"_links":{"self":[{"href":"https:\/\/mientrada.com.ar\/sati\/wp-json\/wp\/v2\/product\/34834","targetHints":{"allow":["GET"]}}],"collection":[{"href":"https:\/\/mientrada.com.ar\/sati\/wp-json\/wp\/v2\/product"}],"about":[{"href":"https:\/\/mientrada.com.ar\/sati\/wp-json\/wp\/v2\/types\/product"}],"author":[{"embeddable":true,"href":"https:\/\/mientrada.com.ar\/sati\/wp-json\/wp\/v2\/users\/2"}],"wp:featuredmedia":[{"embeddable":true,"href":"https:\/\/mientrada.com.ar\/sati\/wp-json\/wp\/v2\/media\/21752"}],"wp:attachment":[{"href":"https:\/\/mientrada.com.ar\/sati\/wp-json\/wp\/v2\/media?parent=34834"}],"wp:term":[{"taxonomy":"product_brand","embeddable":true,"href":"https:\/\/mientrada.com.ar\/sati\/wp-json\/wp\/v2\/product_brand?post=34834"},{"taxonomy":"product_cat","embeddable":true,"href":"https:\/\/mientrada.com.ar\/sati\/wp-json\/wp\/v2\/product_cat?post=34834"},{"taxonomy":"product_tag","embeddable":true,"href":"https:\/\/mientrada.com.ar\/sati\/wp-json\/wp\/v2\/product_tag?post=34834"}],"curies":[{"name":"wp","href":"https:\/\/api.w.org\/{rel}","templated":true}]}}