{"id":31423,"date":"2025-07-30T23:51:27","date_gmt":"2025-07-30T23:51:27","guid":{"rendered":"https:\/\/mientrada.com.ar\/sati\/?post_type=product&#038;p=31423"},"modified":"2025-08-08T14:16:40","modified_gmt":"2025-08-08T14:16:40","slug":"simposio-suizo-argentina-recomendaciones-de-la-ins-2024-relacionado-a-las-soluciones-de-la-disminucion-del-riesgo-de-infeccion-del-torrente-sanguineo-sin-cargo","status":"publish","type":"product","link":"https:\/\/mientrada.com.ar\/sati\/producto\/simposio-suizo-argentina-recomendaciones-de-la-ins-2024-relacionado-a-las-soluciones-de-la-disminucion-del-riesgo-de-infeccion-del-torrente-sanguineo-sin-cargo\/","title":{"rendered":"Simposio SUIZO ARGENTINA: Recomendaciones de la INS 2024, relacionado a las soluciones de la disminuci\u00f3n del Riesgo de Infecci\u00f3n del Torrente Sangu\u00edneo (Sin Cargo)"},"content":{"rendered":"<p>Actividad Sin Cargo para inscriptos al congreso. Requiere Inscripci\u00f3n Previa.<\/p>\n","protected":false},"excerpt":{"rendered":"<p>Actividad Sin Cargo para inscriptos al congreso. Requiere Inscripci\u00f3n Previa.<\/p>\n","protected":false},"author":2,"featured_media":31422,"template":"","meta":[],"product_brand":[],"product_cat":[23,32,35],"product_tag":[],"class_list":{"0":"post-31423","1":"product","2":"type-product","3":"status-publish","4":"has-post-thumbnail","6":"product_cat-cursos-sin-cargo","7":"product_cat-simposios-sponsors","8":"product_cat-miercoles-6-agosto","10":"first","11":"instock","12":"shipping-taxable","13":"purchasable","14":"product-type-simple"},"_links":{"self":[{"href":"https:\/\/mientrada.com.ar\/sati\/wp-json\/wp\/v2\/product\/31423","targetHints":{"allow":["GET"]}}],"collection":[{"href":"https:\/\/mientrada.com.ar\/sati\/wp-json\/wp\/v2\/product"}],"about":[{"href":"https:\/\/mientrada.com.ar\/sati\/wp-json\/wp\/v2\/types\/product"}],"author":[{"embeddable":true,"href":"https:\/\/mientrada.com.ar\/sati\/wp-json\/wp\/v2\/users\/2"}],"wp:featuredmedia":[{"embeddable":true,"href":"https:\/\/mientrada.com.ar\/sati\/wp-json\/wp\/v2\/media\/31422"}],"wp:attachment":[{"href":"https:\/\/mientrada.com.ar\/sati\/wp-json\/wp\/v2\/media?parent=31423"}],"wp:term":[{"taxonomy":"product_brand","embeddable":true,"href":"https:\/\/mientrada.com.ar\/sati\/wp-json\/wp\/v2\/product_brand?post=31423"},{"taxonomy":"product_cat","embeddable":true,"href":"https:\/\/mientrada.com.ar\/sati\/wp-json\/wp\/v2\/product_cat?post=31423"},{"taxonomy":"product_tag","embeddable":true,"href":"https:\/\/mientrada.com.ar\/sati\/wp-json\/wp\/v2\/product_tag?post=31423"}],"curies":[{"name":"wp","href":"https:\/\/api.w.org\/{rel}","templated":true}]}}