{"id":31406,"date":"2025-07-30T23:24:28","date_gmt":"2025-07-30T23:24:28","guid":{"rendered":"https:\/\/mientrada.com.ar\/sati\/?post_type=product&#038;p=31406"},"modified":"2025-08-08T01:30:34","modified_gmt":"2025-08-08T01:30:34","slug":"simposio-suizo-argentina-el-monitoreo-hemodinamico-una-herramienta-critica-en-el-recorrido-del-paciente-en-cuidados-criticos-sin-cargo","status":"publish","type":"product","link":"https:\/\/mientrada.com.ar\/sati\/producto\/simposio-suizo-argentina-el-monitoreo-hemodinamico-una-herramienta-critica-en-el-recorrido-del-paciente-en-cuidados-criticos-sin-cargo\/","title":{"rendered":"Simposio SUIZO ARGENTINA: El monitoreo hemodin\u00e1mico: una herramienta cr\u00edtica en el recorrido del paciente en cuidados cr\u00edticos. (Sin Cargo)"},"content":{"rendered":"<p>Actividad Sin Cargo para inscriptos al congreso. Requiere Inscripci\u00f3n Previa.<\/p>\n","protected":false},"excerpt":{"rendered":"<p>Actividad Sin Cargo para inscriptos al congreso. Requiere Inscripci\u00f3n Previa.<\/p>\n","protected":false},"author":2,"featured_media":30944,"template":"","meta":[],"product_brand":[],"product_cat":[23,32,36],"product_tag":[],"class_list":{"0":"post-31406","1":"product","2":"type-product","3":"status-publish","4":"has-post-thumbnail","6":"product_cat-cursos-sin-cargo","7":"product_cat-simposios-sponsors","8":"product_cat-jueves-7-agosto","10":"first","11":"instock","12":"shipping-taxable","13":"purchasable","14":"product-type-simple"},"_links":{"self":[{"href":"https:\/\/mientrada.com.ar\/sati\/wp-json\/wp\/v2\/product\/31406","targetHints":{"allow":["GET"]}}],"collection":[{"href":"https:\/\/mientrada.com.ar\/sati\/wp-json\/wp\/v2\/product"}],"about":[{"href":"https:\/\/mientrada.com.ar\/sati\/wp-json\/wp\/v2\/types\/product"}],"author":[{"embeddable":true,"href":"https:\/\/mientrada.com.ar\/sati\/wp-json\/wp\/v2\/users\/2"}],"wp:featuredmedia":[{"embeddable":true,"href":"https:\/\/mientrada.com.ar\/sati\/wp-json\/wp\/v2\/media\/30944"}],"wp:attachment":[{"href":"https:\/\/mientrada.com.ar\/sati\/wp-json\/wp\/v2\/media?parent=31406"}],"wp:term":[{"taxonomy":"product_brand","embeddable":true,"href":"https:\/\/mientrada.com.ar\/sati\/wp-json\/wp\/v2\/product_brand?post=31406"},{"taxonomy":"product_cat","embeddable":true,"href":"https:\/\/mientrada.com.ar\/sati\/wp-json\/wp\/v2\/product_cat?post=31406"},{"taxonomy":"product_tag","embeddable":true,"href":"https:\/\/mientrada.com.ar\/sati\/wp-json\/wp\/v2\/product_tag?post=31406"}],"curies":[{"name":"wp","href":"https:\/\/api.w.org\/{rel}","templated":true}]}}