{"id":28910,"date":"2025-07-24T15:16:42","date_gmt":"2025-07-24T15:16:42","guid":{"rendered":"https:\/\/mientrada.com.ar\/sati\/?post_type=product&#038;p=28910"},"modified":"2025-08-07T18:22:58","modified_gmt":"2025-08-07T18:22:58","slug":"simposio-conmil-innovacion-en-el-manejo-de-la-via-aerea-del-laringoscopio-tradicional-a-la-videolaringoscopia-sin-cargo","status":"publish","type":"product","link":"https:\/\/mientrada.com.ar\/sati\/producto\/simposio-conmil-innovacion-en-el-manejo-de-la-via-aerea-del-laringoscopio-tradicional-a-la-videolaringoscopia-sin-cargo\/","title":{"rendered":"Simposio CONMIL: INNOVACI\u00d3N EN EL MANEJO DE LA V\u00cdA A\u00c9REA: DEL LARINGOSCOPIO TRADICIONAL A LA VIDEOLARINGOSCOP\u00cdA (Sin Cargo)"},"content":{"rendered":"<p>Actividad Sin Cargo para inscriptos al congreso. Requiere Inscripci\u00f3n Previa.<\/p>\n","protected":false},"excerpt":{"rendered":"<p>Actividad Sin Cargo para inscriptos al congreso. Requiere Inscripci\u00f3n Previa.<\/p>\n","protected":false},"author":2,"featured_media":28911,"template":"","meta":[],"product_brand":[],"product_cat":[23,32,35],"product_tag":[],"class_list":{"0":"post-28910","1":"product","2":"type-product","3":"status-publish","4":"has-post-thumbnail","6":"product_cat-cursos-sin-cargo","7":"product_cat-simposios-sponsors","8":"product_cat-miercoles-6-agosto","10":"first","11":"instock","12":"shipping-taxable","13":"purchasable","14":"product-type-simple"},"_links":{"self":[{"href":"https:\/\/mientrada.com.ar\/sati\/wp-json\/wp\/v2\/product\/28910","targetHints":{"allow":["GET"]}}],"collection":[{"href":"https:\/\/mientrada.com.ar\/sati\/wp-json\/wp\/v2\/product"}],"about":[{"href":"https:\/\/mientrada.com.ar\/sati\/wp-json\/wp\/v2\/types\/product"}],"author":[{"embeddable":true,"href":"https:\/\/mientrada.com.ar\/sati\/wp-json\/wp\/v2\/users\/2"}],"wp:featuredmedia":[{"embeddable":true,"href":"https:\/\/mientrada.com.ar\/sati\/wp-json\/wp\/v2\/media\/28911"}],"wp:attachment":[{"href":"https:\/\/mientrada.com.ar\/sati\/wp-json\/wp\/v2\/media?parent=28910"}],"wp:term":[{"taxonomy":"product_brand","embeddable":true,"href":"https:\/\/mientrada.com.ar\/sati\/wp-json\/wp\/v2\/product_brand?post=28910"},{"taxonomy":"product_cat","embeddable":true,"href":"https:\/\/mientrada.com.ar\/sati\/wp-json\/wp\/v2\/product_cat?post=28910"},{"taxonomy":"product_tag","embeddable":true,"href":"https:\/\/mientrada.com.ar\/sati\/wp-json\/wp\/v2\/product_tag?post=28910"}],"curies":[{"name":"wp","href":"https:\/\/api.w.org\/{rel}","templated":true}]}}