{"id":28720,"date":"2025-07-23T23:43:32","date_gmt":"2025-07-23T23:43:32","guid":{"rendered":"https:\/\/mientrada.com.ar\/sati\/?post_type=product&#038;p=28720"},"modified":"2025-08-07T12:49:09","modified_gmt":"2025-08-07T12:49:09","slug":"simposio-csh-integracion-de-tecnologia-en-el-paciente-critico-del-dato-al-conocimiento-clinico-sin-cargo","status":"publish","type":"product","link":"https:\/\/mientrada.com.ar\/sati\/producto\/simposio-csh-integracion-de-tecnologia-en-el-paciente-critico-del-dato-al-conocimiento-clinico-sin-cargo\/","title":{"rendered":"Simposio CSH: Integraci\u00f3n de tecnolog\u00eda en el paciente cr\u00edtico: del dato al conocimiento cl\u00ednico (Sin Cargo)"},"content":{"rendered":"<p>Actividad Sin Cargo para inscriptos al congreso. Requiere Inscripci\u00f3n Previa.<\/p>\n","protected":false},"excerpt":{"rendered":"<p>Actividad Sin Cargo para inscriptos al congreso. Requiere Inscripci\u00f3n Previa.<\/p>\n","protected":false},"author":2,"featured_media":28470,"template":"","meta":[],"product_brand":[],"product_cat":[23,32,36],"product_tag":[],"class_list":{"0":"post-28720","1":"product","2":"type-product","3":"status-publish","4":"has-post-thumbnail","6":"product_cat-cursos-sin-cargo","7":"product_cat-simposios-sponsors","8":"product_cat-jueves-7-agosto","10":"first","11":"instock","12":"shipping-taxable","13":"purchasable","14":"product-type-simple"},"_links":{"self":[{"href":"https:\/\/mientrada.com.ar\/sati\/wp-json\/wp\/v2\/product\/28720","targetHints":{"allow":["GET"]}}],"collection":[{"href":"https:\/\/mientrada.com.ar\/sati\/wp-json\/wp\/v2\/product"}],"about":[{"href":"https:\/\/mientrada.com.ar\/sati\/wp-json\/wp\/v2\/types\/product"}],"author":[{"embeddable":true,"href":"https:\/\/mientrada.com.ar\/sati\/wp-json\/wp\/v2\/users\/2"}],"wp:featuredmedia":[{"embeddable":true,"href":"https:\/\/mientrada.com.ar\/sati\/wp-json\/wp\/v2\/media\/28470"}],"wp:attachment":[{"href":"https:\/\/mientrada.com.ar\/sati\/wp-json\/wp\/v2\/media?parent=28720"}],"wp:term":[{"taxonomy":"product_brand","embeddable":true,"href":"https:\/\/mientrada.com.ar\/sati\/wp-json\/wp\/v2\/product_brand?post=28720"},{"taxonomy":"product_cat","embeddable":true,"href":"https:\/\/mientrada.com.ar\/sati\/wp-json\/wp\/v2\/product_cat?post=28720"},{"taxonomy":"product_tag","embeddable":true,"href":"https:\/\/mientrada.com.ar\/sati\/wp-json\/wp\/v2\/product_tag?post=28720"}],"curies":[{"name":"wp","href":"https:\/\/api.w.org\/{rel}","templated":true}]}}