{"id":28429,"date":"2025-07-23T14:36:37","date_gmt":"2025-07-23T14:36:37","guid":{"rendered":"https:\/\/mientrada.com.ar\/sati\/?post_type=product&#038;p=28429"},"modified":"2025-08-07T13:49:33","modified_gmt":"2025-08-07T13:49:33","slug":"simulacion-circuito-cerrado-de-comunicacion-en-el-pcr-pediatria-ped717simul-sin-cargo","status":"publish","type":"product","link":"https:\/\/mientrada.com.ar\/sati\/producto\/simulacion-circuito-cerrado-de-comunicacion-en-el-pcr-pediatria-ped717simul-sin-cargo\/","title":{"rendered":"SIMULACI\u00d3N: CIRCUITO CERRADO DE COMUNICACI\u00d3N EN EL PCR PEDI\u00c1TRICO (PEDIATRIA &#8211; PED717SIMUL) (Sin Cargo)"},"content":{"rendered":"<p>ESTA ACTIVIDAD SE REALIZA EN: <strong>Santa Fe 3100. Sala 8.<\/strong> (Facultad de Medicina. UNR) &#8211; Centro de Simulaci\u00f3n, Universidad Nacional de Rosario (UNR). Facultad de Medicina. <\/p>\n<p>TIENE UN CUPO DE 15 ASISTENTES<\/p>\n","protected":false},"excerpt":{"rendered":"<p>ESTA ACTIVIDAD SE REALIZA EN: Santa Fe 3100. Sala 8. (Facultad de Medicina. UNR) &#8211; Centro de Simulaci\u00f3n, Universidad Nacional de Rosario (UNR). Facultad de Medicina. TIENE UN CUPO DE 15 ASISTENTES<\/p>\n","protected":false},"author":2,"featured_media":21752,"template":"","meta":[],"product_brand":[],"product_cat":[26],"product_tag":[],"class_list":{"0":"post-28429","1":"product","2":"type-product","3":"status-publish","4":"has-post-thumbnail","6":"product_cat-simulacion","8":"first","9":"outofstock","10":"shipping-taxable","11":"purchasable","12":"product-type-simple"},"_links":{"self":[{"href":"https:\/\/mientrada.com.ar\/sati\/wp-json\/wp\/v2\/product\/28429","targetHints":{"allow":["GET"]}}],"collection":[{"href":"https:\/\/mientrada.com.ar\/sati\/wp-json\/wp\/v2\/product"}],"about":[{"href":"https:\/\/mientrada.com.ar\/sati\/wp-json\/wp\/v2\/types\/product"}],"author":[{"embeddable":true,"href":"https:\/\/mientrada.com.ar\/sati\/wp-json\/wp\/v2\/users\/2"}],"wp:featuredmedia":[{"embeddable":true,"href":"https:\/\/mientrada.com.ar\/sati\/wp-json\/wp\/v2\/media\/21752"}],"wp:attachment":[{"href":"https:\/\/mientrada.com.ar\/sati\/wp-json\/wp\/v2\/media?parent=28429"}],"wp:term":[{"taxonomy":"product_brand","embeddable":true,"href":"https:\/\/mientrada.com.ar\/sati\/wp-json\/wp\/v2\/product_brand?post=28429"},{"taxonomy":"product_cat","embeddable":true,"href":"https:\/\/mientrada.com.ar\/sati\/wp-json\/wp\/v2\/product_cat?post=28429"},{"taxonomy":"product_tag","embeddable":true,"href":"https:\/\/mientrada.com.ar\/sati\/wp-json\/wp\/v2\/product_tag?post=28429"}],"curies":[{"name":"wp","href":"https:\/\/api.w.org\/{rel}","templated":true}]}}