{"id":28342,"date":"2025-07-23T13:46:16","date_gmt":"2025-07-23T13:46:16","guid":{"rendered":"https:\/\/mientrada.com.ar\/sati\/?post_type=product&#038;p=28342"},"modified":"2025-08-07T15:19:43","modified_gmt":"2025-08-07T15:19:43","slug":"taller-datos-en-la-uci-taller-interactivo-de-excel-para-profesionales-de-la-salud-getion-calidad-y-datos-ges714direc","status":"publish","type":"product","link":"https:\/\/mientrada.com.ar\/sati\/producto\/taller-datos-en-la-uci-taller-interactivo-de-excel-para-profesionales-de-la-salud-getion-calidad-y-datos-ges714direc\/","title":{"rendered":"Taller: Datos en la UCI: taller interactivo de Excel para profesionales de la salud  (GESTI\u00d3N CALIDAD Y DATOS) (GES714DIREC)"},"content":{"rendered":"<p>Inscripci\u00f3n a Taller con costo. Requiere Inscripci\u00f3n.<\/p>\n<div style=\"color: red;font-weight: bold;background: #e8e8e8;padding: 10px;border-radius: 10px;\">REQUISITO: Los participantes deben llevar su notebook con excel instalado.<\/div>\n","protected":false},"excerpt":{"rendered":"<div style=\"color: red;font-weight: bold;background: #e8e8e8;padding: 10px;border-radius: 10px;\">REQUISITO: Los participantes deben llevar su notebook con excel instalado.<\/div>\n","protected":false},"author":2,"featured_media":21752,"template":"","meta":[],"product_brand":[],"product_cat":[24,29],"product_tag":[],"class_list":{"0":"post-28342","1":"product","2":"type-product","3":"status-publish","4":"has-post-thumbnail","6":"product_cat-talleres-pagos","7":"product_cat-talleres-sati-jueves-7","9":"first","10":"instock","11":"shipping-taxable","12":"purchasable","13":"product-type-variable"},"_links":{"self":[{"href":"https:\/\/mientrada.com.ar\/sati\/wp-json\/wp\/v2\/product\/28342","targetHints":{"allow":["GET"]}}],"collection":[{"href":"https:\/\/mientrada.com.ar\/sati\/wp-json\/wp\/v2\/product"}],"about":[{"href":"https:\/\/mientrada.com.ar\/sati\/wp-json\/wp\/v2\/types\/product"}],"author":[{"embeddable":true,"href":"https:\/\/mientrada.com.ar\/sati\/wp-json\/wp\/v2\/users\/2"}],"wp:featuredmedia":[{"embeddable":true,"href":"https:\/\/mientrada.com.ar\/sati\/wp-json\/wp\/v2\/media\/21752"}],"wp:attachment":[{"href":"https:\/\/mientrada.com.ar\/sati\/wp-json\/wp\/v2\/media?parent=28342"}],"wp:term":[{"taxonomy":"product_brand","embeddable":true,"href":"https:\/\/mientrada.com.ar\/sati\/wp-json\/wp\/v2\/product_brand?post=28342"},{"taxonomy":"product_cat","embeddable":true,"href":"https:\/\/mientrada.com.ar\/sati\/wp-json\/wp\/v2\/product_cat?post=28342"},{"taxonomy":"product_tag","embeddable":true,"href":"https:\/\/mientrada.com.ar\/sati\/wp-json\/wp\/v2\/product_tag?post=28342"}],"curies":[{"name":"wp","href":"https:\/\/api.w.org\/{rel}","templated":true}]}}