{"id":28286,"date":"2025-07-23T12:37:18","date_gmt":"2025-07-23T12:37:18","guid":{"rendered":"https:\/\/mientrada.com.ar\/sati\/?post_type=product&#038;p=28286"},"modified":"2025-08-07T19:30:47","modified_gmt":"2025-08-07T19:30:47","slug":"taller-manejo-del-marcapaso-en-el-post-quirurgico-inmediato-pediatria-ped717contb","status":"publish","type":"product","link":"https:\/\/mientrada.com.ar\/sati\/producto\/taller-manejo-del-marcapaso-en-el-post-quirurgico-inmediato-pediatria-ped717contb\/","title":{"rendered":"Taller: Manejo del marcapaso en el post quir\u00fargico inmediato  (PEDIATRIA) (PED717CONTB)"},"content":{"rendered":"<p>Inscripci\u00f3n a Taller con costo. Requiere Inscripci\u00f3n.<\/p>\n","protected":false},"excerpt":{"rendered":"<p>Inscripci\u00f3n a Taller con costo. Requiere Inscripci\u00f3n.<\/p>\n","protected":false},"author":2,"featured_media":21752,"template":"","meta":[],"product_brand":[],"product_cat":[24,29],"product_tag":[],"class_list":{"0":"post-28286","1":"product","2":"type-product","3":"status-publish","4":"has-post-thumbnail","6":"product_cat-talleres-pagos","7":"product_cat-talleres-sati-jueves-7","9":"first","10":"instock","11":"shipping-taxable","12":"purchasable","13":"product-type-variable"},"_links":{"self":[{"href":"https:\/\/mientrada.com.ar\/sati\/wp-json\/wp\/v2\/product\/28286","targetHints":{"allow":["GET"]}}],"collection":[{"href":"https:\/\/mientrada.com.ar\/sati\/wp-json\/wp\/v2\/product"}],"about":[{"href":"https:\/\/mientrada.com.ar\/sati\/wp-json\/wp\/v2\/types\/product"}],"author":[{"embeddable":true,"href":"https:\/\/mientrada.com.ar\/sati\/wp-json\/wp\/v2\/users\/2"}],"wp:featuredmedia":[{"embeddable":true,"href":"https:\/\/mientrada.com.ar\/sati\/wp-json\/wp\/v2\/media\/21752"}],"wp:attachment":[{"href":"https:\/\/mientrada.com.ar\/sati\/wp-json\/wp\/v2\/media?parent=28286"}],"wp:term":[{"taxonomy":"product_brand","embeddable":true,"href":"https:\/\/mientrada.com.ar\/sati\/wp-json\/wp\/v2\/product_brand?post=28286"},{"taxonomy":"product_cat","embeddable":true,"href":"https:\/\/mientrada.com.ar\/sati\/wp-json\/wp\/v2\/product_cat?post=28286"},{"taxonomy":"product_tag","embeddable":true,"href":"https:\/\/mientrada.com.ar\/sati\/wp-json\/wp\/v2\/product_tag?post=28286"}],"curies":[{"name":"wp","href":"https:\/\/api.w.org\/{rel}","templated":true}]}}