{"id":28206,"date":"2025-07-23T02:12:47","date_gmt":"2025-07-23T02:12:47","guid":{"rendered":"https:\/\/mientrada.com.ar\/sati\/?post_type=product&#038;p=28206"},"modified":"2025-08-07T17:10:13","modified_gmt":"2025-08-07T17:10:13","slug":"taller-fisiologia-respiratoria-neumonologia-y-kinesiologia-neu714panor","status":"publish","type":"product","link":"https:\/\/mientrada.com.ar\/sati\/producto\/taller-fisiologia-respiratoria-neumonologia-y-kinesiologia-neu714panor\/","title":{"rendered":"Taller: Fisiolog\u00eda Respiratoria  (NEUMONOLOGIA Y KINESIOLOG\u00cdA) (NEU714PANOR)"},"content":{"rendered":"<p>Inscripci\u00f3n a Taller con costo. Requiere Inscripci\u00f3n.<\/p>\n","protected":false},"excerpt":{"rendered":"<p>Inscripci\u00f3n a Taller con costo. Requiere Inscripci\u00f3n.<\/p>\n","protected":false},"author":2,"featured_media":21752,"template":"","meta":[],"product_brand":[],"product_cat":[24,29],"product_tag":[],"class_list":{"0":"post-28206","1":"product","2":"type-product","3":"status-publish","4":"has-post-thumbnail","6":"product_cat-talleres-pagos","7":"product_cat-talleres-sati-jueves-7","9":"first","10":"instock","11":"shipping-taxable","12":"purchasable","13":"product-type-variable"},"_links":{"self":[{"href":"https:\/\/mientrada.com.ar\/sati\/wp-json\/wp\/v2\/product\/28206","targetHints":{"allow":["GET"]}}],"collection":[{"href":"https:\/\/mientrada.com.ar\/sati\/wp-json\/wp\/v2\/product"}],"about":[{"href":"https:\/\/mientrada.com.ar\/sati\/wp-json\/wp\/v2\/types\/product"}],"author":[{"embeddable":true,"href":"https:\/\/mientrada.com.ar\/sati\/wp-json\/wp\/v2\/users\/2"}],"wp:featuredmedia":[{"embeddable":true,"href":"https:\/\/mientrada.com.ar\/sati\/wp-json\/wp\/v2\/media\/21752"}],"wp:attachment":[{"href":"https:\/\/mientrada.com.ar\/sati\/wp-json\/wp\/v2\/media?parent=28206"}],"wp:term":[{"taxonomy":"product_brand","embeddable":true,"href":"https:\/\/mientrada.com.ar\/sati\/wp-json\/wp\/v2\/product_brand?post=28206"},{"taxonomy":"product_cat","embeddable":true,"href":"https:\/\/mientrada.com.ar\/sati\/wp-json\/wp\/v2\/product_cat?post=28206"},{"taxonomy":"product_tag","embeddable":true,"href":"https:\/\/mientrada.com.ar\/sati\/wp-json\/wp\/v2\/product_tag?post=28206"}],"curies":[{"name":"wp","href":"https:\/\/api.w.org\/{rel}","templated":true}]}}