{"id":28176,"date":"2025-07-23T01:58:17","date_gmt":"2025-07-23T01:58:17","guid":{"rendered":"https:\/\/mientrada.com.ar\/sati\/?post_type=product&#038;p=28176"},"modified":"2025-08-07T17:25:38","modified_gmt":"2025-08-07T17:25:38","slug":"taller-manejo-de-la-via-aerea-deificultosa-mediante-la-traqueostomia-percutanea-en-pacientes-oncologicos-con-tumores-de-cuello-cemri-via-aerea-oncologia-critica-cem714hall","status":"publish","type":"product","link":"https:\/\/mientrada.com.ar\/sati\/producto\/taller-manejo-de-la-via-aerea-deificultosa-mediante-la-traqueostomia-percutanea-en-pacientes-oncologicos-con-tumores-de-cuello-cemri-via-aerea-oncologia-critica-cem714hall\/","title":{"rendered":"Taller: Manejo de la v\u00eda a\u00e9rea dificultosa mediante la traqueostom\u00eda percut\u00e1nea en pacientes oncol\u00f3gicos con tumores de cuello (CEMRI\/VIA AEREA\/ONCOLOGIA CRITICA) (CEM714HALL)"},"content":{"rendered":"<p>Inscripci\u00f3n a Taller con costo. Requiere Inscripci\u00f3n.<\/p>\n","protected":false},"excerpt":{"rendered":"<p>Inscripci\u00f3n a Taller con costo. Requiere Inscripci\u00f3n.<\/p>\n","protected":false},"author":2,"featured_media":21752,"template":"","meta":[],"product_brand":[],"product_cat":[24,29],"product_tag":[],"class_list":{"0":"post-28176","1":"product","2":"type-product","3":"status-publish","4":"has-post-thumbnail","6":"product_cat-talleres-pagos","7":"product_cat-talleres-sati-jueves-7","9":"first","10":"instock","11":"shipping-taxable","12":"purchasable","13":"product-type-variable"},"_links":{"self":[{"href":"https:\/\/mientrada.com.ar\/sati\/wp-json\/wp\/v2\/product\/28176","targetHints":{"allow":["GET"]}}],"collection":[{"href":"https:\/\/mientrada.com.ar\/sati\/wp-json\/wp\/v2\/product"}],"about":[{"href":"https:\/\/mientrada.com.ar\/sati\/wp-json\/wp\/v2\/types\/product"}],"author":[{"embeddable":true,"href":"https:\/\/mientrada.com.ar\/sati\/wp-json\/wp\/v2\/users\/2"}],"wp:featuredmedia":[{"embeddable":true,"href":"https:\/\/mientrada.com.ar\/sati\/wp-json\/wp\/v2\/media\/21752"}],"wp:attachment":[{"href":"https:\/\/mientrada.com.ar\/sati\/wp-json\/wp\/v2\/media?parent=28176"}],"wp:term":[{"taxonomy":"product_brand","embeddable":true,"href":"https:\/\/mientrada.com.ar\/sati\/wp-json\/wp\/v2\/product_brand?post=28176"},{"taxonomy":"product_cat","embeddable":true,"href":"https:\/\/mientrada.com.ar\/sati\/wp-json\/wp\/v2\/product_cat?post=28176"},{"taxonomy":"product_tag","embeddable":true,"href":"https:\/\/mientrada.com.ar\/sati\/wp-json\/wp\/v2\/product_tag?post=28176"}],"curies":[{"name":"wp","href":"https:\/\/api.w.org\/{rel}","templated":true}]}}