{"id":28169,"date":"2025-07-23T01:57:00","date_gmt":"2025-07-23T01:57:00","guid":{"rendered":"https:\/\/mientrada.com.ar\/sati\/?post_type=product&#038;p=28169"},"modified":"2025-08-07T19:41:05","modified_gmt":"2025-08-07T19:41:05","slug":"taller-pancreatitis-cronica-reagudizada-e-insufiencia-pancreatica-exocrina-patologia-digestiva-cosonume-calinu-pat718conta","status":"publish","type":"product","link":"https:\/\/mientrada.com.ar\/sati\/producto\/taller-pancreatitis-cronica-reagudizada-e-insufiencia-pancreatica-exocrina-patologia-digestiva-cosonume-calinu-pat718conta\/","title":{"rendered":"Taller: Pancreatitis cr\u00f3nica reagudizada e Insufiencia pancre\u00e1tica exocrina (PATOLOG\u00cdA DIGESTIVA &#8211; COSONUME &#8211; CALINU ) (PAT718CONTA)"},"content":{"rendered":"<p>Inscripci\u00f3n a Taller con costo. Requiere Inscripci\u00f3n.<\/p>\n","protected":false},"excerpt":{"rendered":"<p>Inscripci\u00f3n a Taller con costo. Requiere Inscripci\u00f3n.<\/p>\n","protected":false},"author":2,"featured_media":21752,"template":"","meta":[],"product_brand":[],"product_cat":[24,29],"product_tag":[],"class_list":{"0":"post-28169","1":"product","2":"type-product","3":"status-publish","4":"has-post-thumbnail","6":"product_cat-talleres-pagos","7":"product_cat-talleres-sati-jueves-7","9":"first","10":"instock","11":"shipping-taxable","12":"purchasable","13":"product-type-variable"},"_links":{"self":[{"href":"https:\/\/mientrada.com.ar\/sati\/wp-json\/wp\/v2\/product\/28169","targetHints":{"allow":["GET"]}}],"collection":[{"href":"https:\/\/mientrada.com.ar\/sati\/wp-json\/wp\/v2\/product"}],"about":[{"href":"https:\/\/mientrada.com.ar\/sati\/wp-json\/wp\/v2\/types\/product"}],"author":[{"embeddable":true,"href":"https:\/\/mientrada.com.ar\/sati\/wp-json\/wp\/v2\/users\/2"}],"wp:featuredmedia":[{"embeddable":true,"href":"https:\/\/mientrada.com.ar\/sati\/wp-json\/wp\/v2\/media\/21752"}],"wp:attachment":[{"href":"https:\/\/mientrada.com.ar\/sati\/wp-json\/wp\/v2\/media?parent=28169"}],"wp:term":[{"taxonomy":"product_brand","embeddable":true,"href":"https:\/\/mientrada.com.ar\/sati\/wp-json\/wp\/v2\/product_brand?post=28169"},{"taxonomy":"product_cat","embeddable":true,"href":"https:\/\/mientrada.com.ar\/sati\/wp-json\/wp\/v2\/product_cat?post=28169"},{"taxonomy":"product_tag","embeddable":true,"href":"https:\/\/mientrada.com.ar\/sati\/wp-json\/wp\/v2\/product_tag?post=28169"}],"curies":[{"name":"wp","href":"https:\/\/api.w.org\/{rel}","templated":true}]}}