{"id":28135,"date":"2025-07-23T01:13:58","date_gmt":"2025-07-23T01:13:58","guid":{"rendered":"https:\/\/mientrada.com.ar\/sati\/?post_type=product&#038;p=28135"},"modified":"2025-08-07T17:09:43","modified_gmt":"2025-08-07T17:09:43","slug":"taller-ecografia-avanzada-en-enfermeria-ecografia-eco714ind1b","status":"publish","type":"product","link":"https:\/\/mientrada.com.ar\/sati\/producto\/taller-ecografia-avanzada-en-enfermeria-ecografia-eco714ind1b\/","title":{"rendered":"Taller: Ecograf\u00eda avanzada en Enfermer\u00eda (ECOGRAF\u00edA ) (ECO714IND1B)"},"content":{"rendered":"<p>Inscripci\u00f3n a Taller con costo. Requiere Inscripci\u00f3n.<\/p>\n","protected":false},"excerpt":{"rendered":"<p>Inscripci\u00f3n a Taller con costo. Requiere Inscripci\u00f3n.<\/p>\n","protected":false},"author":2,"featured_media":21752,"template":"","meta":[],"product_brand":[],"product_cat":[24,29],"product_tag":[],"class_list":{"0":"post-28135","1":"product","2":"type-product","3":"status-publish","4":"has-post-thumbnail","6":"product_cat-talleres-pagos","7":"product_cat-talleres-sati-jueves-7","9":"first","10":"instock","11":"shipping-taxable","12":"purchasable","13":"product-type-variable"},"_links":{"self":[{"href":"https:\/\/mientrada.com.ar\/sati\/wp-json\/wp\/v2\/product\/28135","targetHints":{"allow":["GET"]}}],"collection":[{"href":"https:\/\/mientrada.com.ar\/sati\/wp-json\/wp\/v2\/product"}],"about":[{"href":"https:\/\/mientrada.com.ar\/sati\/wp-json\/wp\/v2\/types\/product"}],"author":[{"embeddable":true,"href":"https:\/\/mientrada.com.ar\/sati\/wp-json\/wp\/v2\/users\/2"}],"wp:featuredmedia":[{"embeddable":true,"href":"https:\/\/mientrada.com.ar\/sati\/wp-json\/wp\/v2\/media\/21752"}],"wp:attachment":[{"href":"https:\/\/mientrada.com.ar\/sati\/wp-json\/wp\/v2\/media?parent=28135"}],"wp:term":[{"taxonomy":"product_brand","embeddable":true,"href":"https:\/\/mientrada.com.ar\/sati\/wp-json\/wp\/v2\/product_brand?post=28135"},{"taxonomy":"product_cat","embeddable":true,"href":"https:\/\/mientrada.com.ar\/sati\/wp-json\/wp\/v2\/product_cat?post=28135"},{"taxonomy":"product_tag","embeddable":true,"href":"https:\/\/mientrada.com.ar\/sati\/wp-json\/wp\/v2\/product_tag?post=28135"}],"curies":[{"name":"wp","href":"https:\/\/api.w.org\/{rel}","templated":true}]}}