{"id":27789,"date":"2025-07-21T12:36:44","date_gmt":"2025-07-21T12:36:44","guid":{"rendered":"https:\/\/mientrada.com.ar\/sati\/?post_type=product&#038;p=27789"},"modified":"2025-08-07T17:24:51","modified_gmt":"2025-08-07T17:24:51","slug":"simposio-euroswiss-ecografo-x5-sonoscape-sin-cargo","status":"publish","type":"product","link":"https:\/\/mientrada.com.ar\/sati\/producto\/simposio-euroswiss-ecografo-x5-sonoscape-sin-cargo\/","title":{"rendered":"Simposio EUROSWISS: Ec\u00f3grafo X5 SonoScape (Sin Cargo)"},"content":{"rendered":"<p>Actividad Sin Cargo para inscriptos al congreso. Requiere Inscripci\u00f3n Previa.<\/p>\n<p>TEMAS:<br \/>\nUTI y Ultrasonograf\u00eda Multisist\u00e9mica.<br \/>\nEvaluaci\u00f3n integral del paciente cr\u00edtico, de la cabeza a los pies.<\/p>\n","protected":false},"excerpt":{"rendered":"<p>Actividad Sin Cargo para inscriptos al congreso. Requiere Inscripci\u00f3n Previa. TEMAS: UTI y Ultrasonograf\u00eda Multisist\u00e9mica. Evaluaci\u00f3n integral del paciente cr\u00edtico, de la cabeza a los pies.<\/p>\n","protected":false},"author":2,"featured_media":27784,"template":"","meta":[],"product_brand":[],"product_cat":[23,32,36],"product_tag":[],"class_list":{"0":"post-27789","1":"product","2":"type-product","3":"status-publish","4":"has-post-thumbnail","6":"product_cat-cursos-sin-cargo","7":"product_cat-simposios-sponsors","8":"product_cat-jueves-7-agosto","10":"first","11":"instock","12":"shipping-taxable","13":"purchasable","14":"product-type-simple"},"_links":{"self":[{"href":"https:\/\/mientrada.com.ar\/sati\/wp-json\/wp\/v2\/product\/27789","targetHints":{"allow":["GET"]}}],"collection":[{"href":"https:\/\/mientrada.com.ar\/sati\/wp-json\/wp\/v2\/product"}],"about":[{"href":"https:\/\/mientrada.com.ar\/sati\/wp-json\/wp\/v2\/types\/product"}],"author":[{"embeddable":true,"href":"https:\/\/mientrada.com.ar\/sati\/wp-json\/wp\/v2\/users\/2"}],"wp:featuredmedia":[{"embeddable":true,"href":"https:\/\/mientrada.com.ar\/sati\/wp-json\/wp\/v2\/media\/27784"}],"wp:attachment":[{"href":"https:\/\/mientrada.com.ar\/sati\/wp-json\/wp\/v2\/media?parent=27789"}],"wp:term":[{"taxonomy":"product_brand","embeddable":true,"href":"https:\/\/mientrada.com.ar\/sati\/wp-json\/wp\/v2\/product_brand?post=27789"},{"taxonomy":"product_cat","embeddable":true,"href":"https:\/\/mientrada.com.ar\/sati\/wp-json\/wp\/v2\/product_cat?post=27789"},{"taxonomy":"product_tag","embeddable":true,"href":"https:\/\/mientrada.com.ar\/sati\/wp-json\/wp\/v2\/product_tag?post=27789"}],"curies":[{"name":"wp","href":"https:\/\/api.w.org\/{rel}","templated":true}]}}