{"id":27787,"date":"2025-07-21T12:24:14","date_gmt":"2025-07-21T12:24:14","guid":{"rendered":"https:\/\/mientrada.com.ar\/sati\/?post_type=product&#038;p=27787"},"modified":"2025-08-07T17:21:24","modified_gmt":"2025-08-07T17:21:24","slug":"simposio-euroswiss-scan-tat-y-apositos-sorbaview-sin-cargo","status":"publish","type":"product","link":"https:\/\/mientrada.com.ar\/sati\/producto\/simposio-euroswiss-scan-tat-y-apositos-sorbaview-sin-cargo\/","title":{"rendered":"Simposio EUROSWISS: Scan TAT y Ap\u00f3sitos SorbaView (Sin Cargo)"},"content":{"rendered":"<p>Actividad Sin Cargo para inscriptos al congreso. Requiere Inscripci\u00f3n Previa.<\/p>\n<p>TEMAS:<br \/>\n-Medici\u00f3n de Temperatura Central por Arteria Temporal<br \/>\n-Fijaci\u00f3n de CVC, PICC, etc. con Ap\u00f3sitos Multicapa de nueva generaci\u00f3n<\/p>\n","protected":false},"excerpt":{"rendered":"<p>Actividad Sin Cargo para inscriptos al congreso. Requiere Inscripci\u00f3n Previa. TEMAS: -Medici\u00f3n de Temperatura Central por Arteria Temporal -Fijaci\u00f3n de CVC, PICC, etc. con Ap\u00f3sitos Multicapa de nueva generaci\u00f3n<\/p>\n","protected":false},"author":2,"featured_media":27785,"template":"","meta":[],"product_brand":[],"product_cat":[23,32,36],"product_tag":[],"class_list":{"0":"post-27787","1":"product","2":"type-product","3":"status-publish","4":"has-post-thumbnail","6":"product_cat-cursos-sin-cargo","7":"product_cat-simposios-sponsors","8":"product_cat-jueves-7-agosto","10":"first","11":"instock","12":"shipping-taxable","13":"purchasable","14":"product-type-simple"},"_links":{"self":[{"href":"https:\/\/mientrada.com.ar\/sati\/wp-json\/wp\/v2\/product\/27787","targetHints":{"allow":["GET"]}}],"collection":[{"href":"https:\/\/mientrada.com.ar\/sati\/wp-json\/wp\/v2\/product"}],"about":[{"href":"https:\/\/mientrada.com.ar\/sati\/wp-json\/wp\/v2\/types\/product"}],"author":[{"embeddable":true,"href":"https:\/\/mientrada.com.ar\/sati\/wp-json\/wp\/v2\/users\/2"}],"wp:featuredmedia":[{"embeddable":true,"href":"https:\/\/mientrada.com.ar\/sati\/wp-json\/wp\/v2\/media\/27785"}],"wp:attachment":[{"href":"https:\/\/mientrada.com.ar\/sati\/wp-json\/wp\/v2\/media?parent=27787"}],"wp:term":[{"taxonomy":"product_brand","embeddable":true,"href":"https:\/\/mientrada.com.ar\/sati\/wp-json\/wp\/v2\/product_brand?post=27787"},{"taxonomy":"product_cat","embeddable":true,"href":"https:\/\/mientrada.com.ar\/sati\/wp-json\/wp\/v2\/product_cat?post=27787"},{"taxonomy":"product_tag","embeddable":true,"href":"https:\/\/mientrada.com.ar\/sati\/wp-json\/wp\/v2\/product_tag?post=27787"}],"curies":[{"name":"wp","href":"https:\/\/api.w.org\/{rel}","templated":true}]}}