{"id":27777,"date":"2025-07-21T12:03:38","date_gmt":"2025-07-21T12:03:38","guid":{"rendered":"https:\/\/mientrada.com.ar\/sati\/?post_type=product&#038;p=27777"},"modified":"2025-08-08T13:01:30","modified_gmt":"2025-08-08T13:01:30","slug":"simposio-euroswiss-sistema-de-compresion-neumatica-sin-cargo","status":"publish","type":"product","link":"https:\/\/mientrada.com.ar\/sati\/producto\/simposio-euroswiss-sistema-de-compresion-neumatica-sin-cargo\/","title":{"rendered":"Simposio EUROSWISS: Sistema de Compresi\u00f3n Neum\u00e1tica (Sin Cargo)"},"content":{"rendered":"<p>Actividad Sin Cargo para inscriptos al congreso. Requiere Inscripci\u00f3n Previa.<\/p>\n<p>Profilaxis NO invasiva de la TVP (Trombosis Venosa Profunda)<\/p>\n","protected":false},"excerpt":{"rendered":"<p>Actividad Sin Cargo para inscriptos al congreso. Requiere Inscripci\u00f3n Previa. Profilaxis NO invasiva de la TVP (Trombosis Venosa Profunda)<\/p>\n","protected":false},"author":2,"featured_media":27783,"template":"","meta":[],"product_brand":[],"product_cat":[23,32,37],"product_tag":[],"class_list":{"0":"post-27777","1":"product","2":"type-product","3":"status-publish","4":"has-post-thumbnail","6":"product_cat-cursos-sin-cargo","7":"product_cat-simposios-sponsors","8":"product_cat-viernes-8-agosto","10":"first","11":"instock","12":"shipping-taxable","13":"purchasable","14":"product-type-simple"},"_links":{"self":[{"href":"https:\/\/mientrada.com.ar\/sati\/wp-json\/wp\/v2\/product\/27777","targetHints":{"allow":["GET"]}}],"collection":[{"href":"https:\/\/mientrada.com.ar\/sati\/wp-json\/wp\/v2\/product"}],"about":[{"href":"https:\/\/mientrada.com.ar\/sati\/wp-json\/wp\/v2\/types\/product"}],"author":[{"embeddable":true,"href":"https:\/\/mientrada.com.ar\/sati\/wp-json\/wp\/v2\/users\/2"}],"wp:featuredmedia":[{"embeddable":true,"href":"https:\/\/mientrada.com.ar\/sati\/wp-json\/wp\/v2\/media\/27783"}],"wp:attachment":[{"href":"https:\/\/mientrada.com.ar\/sati\/wp-json\/wp\/v2\/media?parent=27777"}],"wp:term":[{"taxonomy":"product_brand","embeddable":true,"href":"https:\/\/mientrada.com.ar\/sati\/wp-json\/wp\/v2\/product_brand?post=27777"},{"taxonomy":"product_cat","embeddable":true,"href":"https:\/\/mientrada.com.ar\/sati\/wp-json\/wp\/v2\/product_cat?post=27777"},{"taxonomy":"product_tag","embeddable":true,"href":"https:\/\/mientrada.com.ar\/sati\/wp-json\/wp\/v2\/product_tag?post=27777"}],"curies":[{"name":"wp","href":"https:\/\/api.w.org\/{rel}","templated":true}]}}