{"id":27527,"date":"2025-07-17T21:18:18","date_gmt":"2025-07-17T21:18:18","guid":{"rendered":"https:\/\/mientrada.com.ar\/sati\/?post_type=product&#038;p=27527"},"modified":"2025-07-29T15:55:03","modified_gmt":"2025-07-29T15:55:03","slug":"simposio-leex-pocus-para-el-monitoreo-del-gasto-cardiaco-y-respuesta-a-volumen-en-ninos-con-inestabilidad-hemodinamica-sin-cargo","status":"publish","type":"product","link":"https:\/\/mientrada.com.ar\/sati\/producto\/simposio-leex-pocus-para-el-monitoreo-del-gasto-cardiaco-y-respuesta-a-volumen-en-ninos-con-inestabilidad-hemodinamica-sin-cargo\/","title":{"rendered":"Simposio LEEX: POCUS para el monitoreo del Gasto Card\u00edaco y Respuesta a Volumen en ni\u00f1os con Inestabilidad Hemodin\u00e1mica (Sin Cargo)"},"content":{"rendered":"<p>Actividad Sin Cargo para inscriptos al congreso. Requiere Inscripci\u00f3n Previa.<\/p>\n","protected":false},"excerpt":{"rendered":"<p>Actividad Sin Cargo para inscriptos al congreso. Requiere Inscripci\u00f3n Previa.<\/p>\n","protected":false},"author":2,"featured_media":27822,"template":"","meta":[],"product_brand":[],"product_cat":[23,32,37],"product_tag":[],"class_list":{"0":"post-27527","1":"product","2":"type-product","3":"status-publish","4":"has-post-thumbnail","6":"product_cat-cursos-sin-cargo","7":"product_cat-simposios-sponsors","8":"product_cat-viernes-8-agosto","10":"first","11":"outofstock","12":"shipping-taxable","13":"purchasable","14":"product-type-simple"},"_links":{"self":[{"href":"https:\/\/mientrada.com.ar\/sati\/wp-json\/wp\/v2\/product\/27527","targetHints":{"allow":["GET"]}}],"collection":[{"href":"https:\/\/mientrada.com.ar\/sati\/wp-json\/wp\/v2\/product"}],"about":[{"href":"https:\/\/mientrada.com.ar\/sati\/wp-json\/wp\/v2\/types\/product"}],"author":[{"embeddable":true,"href":"https:\/\/mientrada.com.ar\/sati\/wp-json\/wp\/v2\/users\/2"}],"wp:featuredmedia":[{"embeddable":true,"href":"https:\/\/mientrada.com.ar\/sati\/wp-json\/wp\/v2\/media\/27822"}],"wp:attachment":[{"href":"https:\/\/mientrada.com.ar\/sati\/wp-json\/wp\/v2\/media?parent=27527"}],"wp:term":[{"taxonomy":"product_brand","embeddable":true,"href":"https:\/\/mientrada.com.ar\/sati\/wp-json\/wp\/v2\/product_brand?post=27527"},{"taxonomy":"product_cat","embeddable":true,"href":"https:\/\/mientrada.com.ar\/sati\/wp-json\/wp\/v2\/product_cat?post=27527"},{"taxonomy":"product_tag","embeddable":true,"href":"https:\/\/mientrada.com.ar\/sati\/wp-json\/wp\/v2\/product_tag?post=27527"}],"curies":[{"name":"wp","href":"https:\/\/api.w.org\/{rel}","templated":true}]}}