{"id":25458,"date":"2025-07-14T17:00:25","date_gmt":"2025-07-14T17:00:25","guid":{"rendered":"https:\/\/mientrada.com.ar\/sati\/?post_type=product&#038;p=25458"},"modified":"2025-08-10T01:43:25","modified_gmt":"2025-08-10T01:43:25","slug":"simposio-dcd-evaluacion-prevencion-y-manejo-de-lesiones-cutaneas-asociadas-a-adhesivos-medicos-marsi-en-paciente-critico-sin-cargo","status":"publish","type":"product","link":"https:\/\/mientrada.com.ar\/sati\/producto\/simposio-dcd-evaluacion-prevencion-y-manejo-de-lesiones-cutaneas-asociadas-a-adhesivos-medicos-marsi-en-paciente-critico-sin-cargo\/","title":{"rendered":"Simposio DCD: Evaluaci\u00f3n, prevenci\u00f3n y manejo de Lesiones Cut\u00e1neas asociadas a adhesivos m\u00e9dicos (MARSI) en paciente cr\u00edtico (Sin Cargo)"},"content":{"rendered":"<p>Actividad Sin Cargo para inscriptos al congreso. Requiere Inscripci\u00f3n Previa.<\/p>\n","protected":false},"excerpt":{"rendered":"<p>Actividad Sin Cargo para inscriptos al congreso. Requiere Inscripci\u00f3n Previa.<\/p>\n","protected":false},"author":2,"featured_media":27827,"template":"","meta":[],"product_brand":[],"product_cat":[23,32,35],"product_tag":[],"class_list":{"0":"post-25458","1":"product","2":"type-product","3":"status-publish","4":"has-post-thumbnail","6":"product_cat-cursos-sin-cargo","7":"product_cat-simposios-sponsors","8":"product_cat-miercoles-6-agosto","10":"first","11":"instock","12":"shipping-taxable","13":"purchasable","14":"product-type-simple"},"_links":{"self":[{"href":"https:\/\/mientrada.com.ar\/sati\/wp-json\/wp\/v2\/product\/25458","targetHints":{"allow":["GET"]}}],"collection":[{"href":"https:\/\/mientrada.com.ar\/sati\/wp-json\/wp\/v2\/product"}],"about":[{"href":"https:\/\/mientrada.com.ar\/sati\/wp-json\/wp\/v2\/types\/product"}],"author":[{"embeddable":true,"href":"https:\/\/mientrada.com.ar\/sati\/wp-json\/wp\/v2\/users\/2"}],"wp:featuredmedia":[{"embeddable":true,"href":"https:\/\/mientrada.com.ar\/sati\/wp-json\/wp\/v2\/media\/27827"}],"wp:attachment":[{"href":"https:\/\/mientrada.com.ar\/sati\/wp-json\/wp\/v2\/media?parent=25458"}],"wp:term":[{"taxonomy":"product_brand","embeddable":true,"href":"https:\/\/mientrada.com.ar\/sati\/wp-json\/wp\/v2\/product_brand?post=25458"},{"taxonomy":"product_cat","embeddable":true,"href":"https:\/\/mientrada.com.ar\/sati\/wp-json\/wp\/v2\/product_cat?post=25458"},{"taxonomy":"product_tag","embeddable":true,"href":"https:\/\/mientrada.com.ar\/sati\/wp-json\/wp\/v2\/product_tag?post=25458"}],"curies":[{"name":"wp","href":"https:\/\/api.w.org\/{rel}","templated":true}]}}