{"id":118,"date":"2024-06-06T19:49:19","date_gmt":"2024-06-06T19:49:19","guid":{"rendered":"https:\/\/mientrada.com.ar\/sati\/?post_type=product&#038;p=118"},"modified":"2025-06-17T02:27:23","modified_gmt":"2025-06-17T02:27:23","slug":"congreso-argentino-e-internacional-de-terapia-intensiva","status":"publish","type":"product","link":"https:\/\/mientrada.com.ar\/sati\/producto\/congreso-argentino-e-internacional-de-terapia-intensiva\/","title":{"rendered":"Inscripci\u00f3n Argentinos: Congreso Argentino e Internacional de Terapia Intensiva"},"content":{"rendered":"<p>Nos complace darles la m\u00e1s cordial bienvenida al 35\u00ba Congreso Argentino e Internacional de Terapia Intensiva de la Sociedad Argentina de Terapia Intensiva, que se llevar\u00e1 a cabo en la ciudad de Rosario los d\u00edas 6, 7 y 8 de agosto de 2025. Este a\u00f1o, nuestro enfoque se encuentra centrado en los pilares del presente y futuro de los cuidados intensivos, abordando los desaf\u00edos y oportunidades que se presentan en este campo en constante evoluci\u00f3n.<\/p>\n<p>Durante estos tres d\u00edas, tendremos la oportunidad de compartir conocimientos, experiencias y avances en terapia intensiva, a trav\u00e9s de conferencias, mesas redondas, talleres pr\u00e1cticos, presentaciones de trabajos, y otras actividades. Tambi\u00e9n contaremos con la participaci\u00f3n de destacados especialistas nacionales e internacionales, que compartir\u00e1n su experiencia y visi\u00f3n sobre los temas m\u00e1s relevantes en la actualidad.<\/p>\n<p>Adem\u00e1s, en esta edici\u00f3n del Congreso, hemos incluido actividades din\u00e1micas, que permitir\u00e1n a los asistentes explorar nuevas t\u00e9cnicas, herramientas y tecnolog\u00edas en terapia intensiva. Asimismo, se ofrecer\u00e1n oportunidades de trabajo en red y colaboraci\u00f3n entre colegas, con el objetivo de fomentar el intercambio de ideas y la construcci\u00f3n de alianzas profesionales.<\/p>\n<p>Les animamos a participar activamente en todas las actividades programadas y a aprovechar al m\u00e1ximo esta oportunidad de aprendizaje e intercambio. Estamos seguros de que el 35\u00ba Congreso Argentino e Internacional de Terapia Intensiva ser\u00e1 una experiencia enriquecedora y estimulante para todos los presentes.<\/p>\n<p>Agradecemos su participaci\u00f3n y compromiso con la excelencia en la pr\u00e1ctica de la terapia intensiva, y esperamos poder encontrarnos en Rosario en agosto de 2025.<\/p>\n<p>\u00a1Bienvenidos al Congreso! Atentamente, El Comit\u00e9 Organizador<\/p>\n","protected":false},"excerpt":{"rendered":"<p>Nos complace darles la m\u00e1s cordial bienvenida al 35\u00ba Congreso Argentino e Internacional de Terapia Intensiva de la Sociedad Argentina de Terapia Intensiva, que se llevar\u00e1 a cabo en la ciudad de Rosario los d\u00edas 6, 7 y 8 de agosto de 2025. Este a\u00f1o, nuestro enfoque se encuentra centrado en los pilares del presente [&hellip;]<\/p>\n","protected":false},"author":2,"featured_media":21752,"template":"","meta":[],"product_brand":[],"product_cat":[21],"product_tag":[],"class_list":{"0":"post-118","1":"product","2":"type-product","3":"status-publish","4":"has-post-thumbnail","6":"product_cat-congreso-sati-2025","8":"first","9":"instock","10":"shipping-taxable","11":"product-type-variable"},"_links":{"self":[{"href":"https:\/\/mientrada.com.ar\/sati\/wp-json\/wp\/v2\/product\/118","targetHints":{"allow":["GET"]}}],"collection":[{"href":"https:\/\/mientrada.com.ar\/sati\/wp-json\/wp\/v2\/product"}],"about":[{"href":"https:\/\/mientrada.com.ar\/sati\/wp-json\/wp\/v2\/types\/product"}],"author":[{"embeddable":true,"href":"https:\/\/mientrada.com.ar\/sati\/wp-json\/wp\/v2\/users\/2"}],"wp:featuredmedia":[{"embeddable":true,"href":"https:\/\/mientrada.com.ar\/sati\/wp-json\/wp\/v2\/media\/21752"}],"wp:attachment":[{"href":"https:\/\/mientrada.com.ar\/sati\/wp-json\/wp\/v2\/media?parent=118"}],"wp:term":[{"taxonomy":"product_brand","embeddable":true,"href":"https:\/\/mientrada.com.ar\/sati\/wp-json\/wp\/v2\/product_brand?post=118"},{"taxonomy":"product_cat","embeddable":true,"href":"https:\/\/mientrada.com.ar\/sati\/wp-json\/wp\/v2\/product_cat?post=118"},{"taxonomy":"product_tag","embeddable":true,"href":"https:\/\/mientrada.com.ar\/sati\/wp-json\/wp\/v2\/product_tag?post=118"}],"curies":[{"name":"wp","href":"https:\/\/api.w.org\/{rel}","templated":true}]}}