{"id":7,"date":"2024-05-20T18:56:46","date_gmt":"2024-05-20T18:56:46","guid":{"rendered":"https:\/\/mientrada.com.ar\/sati\/carrito\/"},"modified":"2024-06-07T14:59:54","modified_gmt":"2024-06-07T14:59:54","slug":"carrito","status":"publish","type":"page","link":"https:\/\/mientrada.com.ar\/sati\/carrito\/","title":{"rendered":"Resumen de su Inscripci\u00f3n"},"content":{"rendered":"<div data-block-name=\"woocommerce\/cart\" class=\"wp-block-woocommerce-cart alignwide is-loading\"><div data-block-name=\"woocommerce\/filled-cart-block\" class=\"wp-block-woocommerce-filled-cart-block\"><div data-block-name=\"woocommerce\/cart-items-block\" class=\"wp-block-woocommerce-cart-items-block\"><div data-block-name=\"woocommerce\/cart-line-items-block\" class=\"wp-block-woocommerce-cart-line-items-block\"><\/div>\n\n<div data-block-name=\"woocommerce\/cart-cross-sells-block\" class=\"wp-block-woocommerce-cart-cross-sells-block\"><h2 class=\"wp-block-heading has-large-font-size\">Puede que te interese\u2026<\/h2>\n\n<div data-block-name=\"woocommerce\/cart-cross-sells-products-block\" class=\"wp-block-woocommerce-cart-cross-sells-products-block\"><\/div><\/div><\/div>\n\n<div data-block-name=\"woocommerce\/cart-totals-block\" class=\"wp-block-woocommerce-cart-totals-block\"><div data-block-name=\"woocommerce\/cart-order-summary-block\" class=\"wp-block-woocommerce-cart-order-summary-block\"><div data-block-name=\"woocommerce\/cart-order-summary-heading-block\" class=\"wp-block-woocommerce-cart-order-summary-heading-block\"><\/div><div data-block-name=\"woocommerce\/cart-order-summary-coupon-form-block\" class=\"wp-block-woocommerce-cart-order-summary-coupon-form-block\"><\/div><div data-block-name=\"woocommerce\/cart-order-summary-totals-block\" class=\"wp-block-woocommerce-cart-order-summary-totals-block\">\n<div data-block-name=\"woocommerce\/cart-order-summary-subtotal-block\" class=\"wp-block-woocommerce-cart-order-summary-subtotal-block\"><\/div>\n<div data-block-name=\"woocommerce\/cart-order-summary-discount-block\" class=\"wp-block-woocommerce-cart-order-summary-discount-block\"><\/div>\n<div data-block-name=\"woocommerce\/cart-order-summary-fee-block\" class=\"wp-block-woocommerce-cart-order-summary-fee-block\"><\/div>\n<div data-block-name=\"woocommerce\/cart-order-summary-shipping-block\" class=\"wp-block-woocommerce-cart-order-summary-shipping-block\"><\/div>\n<div data-block-name=\"woocommerce\/cart-order-summary-taxes-block\" class=\"wp-block-woocommerce-cart-order-summary-taxes-block\"><\/div><\/div><\/div>\n\n<div data-block-name=\"woocommerce\/cart-express-payment-block\" class=\"wp-block-woocommerce-cart-express-payment-block\"><\/div>\n\n<div data-block-name=\"woocommerce\/proceed-to-checkout-block\" class=\"wp-block-woocommerce-proceed-to-checkout-block\"><\/div>\n\n<div data-block-name=\"woocommerce\/cart-accepted-payment-methods-block\" class=\"wp-block-woocommerce-cart-accepted-payment-methods-block\"><\/div><\/div><\/div>\n\n<div data-block-name=\"woocommerce\/empty-cart-block\" class=\"wp-block-woocommerce-empty-cart-block\"><h2 class=\"wp-block-heading has-text-align-center with-empty-cart-icon wc-block-cart__empty-cart__title\">\u00a1Tu carrito est\u00e1 actualmente vac\u00edo!<\/h2>\n\n<hr class=\"wp-block-separator has-alpha-channel-opacity is-style-dots\"\/>\n\n<h2 class=\"wp-block-heading has-text-align-center\">Nuevo en la tienda<\/h2>\n\n<div data-block-name=\"woocommerce\/product-new\" data-columns=\"4\" data-rows=\"1\" class=\"wc-block-grid wp-block-product-new wp-block-woocommerce-product-new wc-block-product-new has-4-columns\"><ul class=\"wc-block-grid__products\"><li class=\"wc-block-grid__product\">\n\t\t\t\t<a href=\"https:\/\/mientrada.com.ar\/sati\/producto\/taller-de-lo-simple-a-lo-complejo-discusion-paso-a-paso-del-paciente-critico-con-ira-nefrologia-y-medio-interno-nef717libb\/\" class=\"wc-block-grid__product-link\">\n\t\t\t\t\t\n\t\t\t\t\t<div class=\"wc-block-grid__product-image\"><img loading=\"lazy\" decoding=\"async\" width=\"300\" height=\"300\" src=\"https:\/\/mientrada.com.ar\/sati\/wp-content\/uploads\/2025\/04\/cropped-LOGO-CONGRESO-ROSARIO-25-300x300.png\" class=\"attachment-woocommerce_thumbnail size-woocommerce_thumbnail\" alt=\"Taller: De lo simple a lo Complejo: Discusi\u00f3n paso a paso del paciente cr\u00edtico con IRA  (NEFROLOGIA Y MEDIO INTERNO) (NEF717LIBB)\" srcset=\"https:\/\/mientrada.com.ar\/sati\/wp-content\/uploads\/2025\/04\/cropped-LOGO-CONGRESO-ROSARIO-25-300x300.png 300w, https:\/\/mientrada.com.ar\/sati\/wp-content\/uploads\/2025\/04\/cropped-LOGO-CONGRESO-ROSARIO-25-150x150.png 150w, https:\/\/mientrada.com.ar\/sati\/wp-content\/uploads\/2025\/04\/cropped-LOGO-CONGRESO-ROSARIO-25-100x100.png 100w, https:\/\/mientrada.com.ar\/sati\/wp-content\/uploads\/2025\/04\/cropped-LOGO-CONGRESO-ROSARIO-25-270x270.png 270w, https:\/\/mientrada.com.ar\/sati\/wp-content\/uploads\/2025\/04\/cropped-LOGO-CONGRESO-ROSARIO-25-192x192.png 192w, https:\/\/mientrada.com.ar\/sati\/wp-content\/uploads\/2025\/04\/cropped-LOGO-CONGRESO-ROSARIO-25-180x180.png 180w, https:\/\/mientrada.com.ar\/sati\/wp-content\/uploads\/2025\/04\/cropped-LOGO-CONGRESO-ROSARIO-25-32x32.png 32w, https:\/\/mientrada.com.ar\/sati\/wp-content\/uploads\/2025\/04\/cropped-LOGO-CONGRESO-ROSARIO-25.png 512w\" sizes=\"auto, (max-width: 300px) 100vw, 300px\" \/><\/div>\n\t\t\t\t\t<div class=\"wc-block-grid__product-title\">Taller: De lo simple a lo Complejo: Discusi\u00f3n paso a paso del paciente cr\u00edtico con IRA  (NEFROLOGIA Y MEDIO INTERNO) (NEF717LIBB)<\/div>\n\t\t\t\t<\/a>\n\t\t\t\t<div class=\"wc-block-grid__product-price price\"><span class=\"woocommerce-Price-amount amount\"><span class=\"woocommerce-Price-currencySymbol\">ARS&#036;<\/span>&nbsp;8.600,00<\/span> &ndash; <span class=\"woocommerce-Price-amount amount\"><span class=\"woocommerce-Price-currencySymbol\">ARS&#036;<\/span>&nbsp;28.700,00<\/span><\/div>\n\t\t\t\t\n\t\t\t\t<div class=\"wp-block-button wc-block-grid__product-add-to-cart\"><a href=\"https:\/\/mientrada.com.ar\/sati\/producto\/taller-de-lo-simple-a-lo-complejo-discusion-paso-a-paso-del-paciente-critico-con-ira-nefrologia-y-medio-interno-nef717libb\/\" aria-label=\"Elige las opciones para &ldquo;Taller: De lo simple a lo Complejo: Discusi\u00f3n paso a paso del paciente cr\u00edtico con IRA  (NEFROLOGIA Y MEDIO INTERNO) (NEF717LIBB)&rdquo;\" data-quantity=\"1\" data-product_id=\"34834\" data-product_sku=\"\" data-price=\"8600\" rel=\"nofollow\" class=\"wp-block-button__link  add_to_cart_button\">Inscribirme<\/a><\/div>\n\t\t\t<\/li><li class=\"wc-block-grid__product\">\n\t\t\t\t<a href=\"https:\/\/mientrada.com.ar\/sati\/producto\/taller-ecografia-pulmonar-y-diafragmatica-ecografia-pediatrica-eco714ind1c3\/\" class=\"wc-block-grid__product-link\">\n\t\t\t\t\t\n\t\t\t\t\t<div class=\"wc-block-grid__product-image\"><img loading=\"lazy\" decoding=\"async\" width=\"300\" height=\"300\" src=\"https:\/\/mientrada.com.ar\/sati\/wp-content\/uploads\/2025\/04\/cropped-LOGO-CONGRESO-ROSARIO-25-300x300.png\" class=\"attachment-woocommerce_thumbnail size-woocommerce_thumbnail\" alt=\"Taller: Ecograf\u00eda Pulmonar y Diafragm\u00e1tica (ECOGRAF\u00cdA PEDI\u00c1TRICA ) (ECO714IND1C3)\" srcset=\"https:\/\/mientrada.com.ar\/sati\/wp-content\/uploads\/2025\/04\/cropped-LOGO-CONGRESO-ROSARIO-25-300x300.png 300w, https:\/\/mientrada.com.ar\/sati\/wp-content\/uploads\/2025\/04\/cropped-LOGO-CONGRESO-ROSARIO-25-150x150.png 150w, https:\/\/mientrada.com.ar\/sati\/wp-content\/uploads\/2025\/04\/cropped-LOGO-CONGRESO-ROSARIO-25-100x100.png 100w, https:\/\/mientrada.com.ar\/sati\/wp-content\/uploads\/2025\/04\/cropped-LOGO-CONGRESO-ROSARIO-25-270x270.png 270w, https:\/\/mientrada.com.ar\/sati\/wp-content\/uploads\/2025\/04\/cropped-LOGO-CONGRESO-ROSARIO-25-192x192.png 192w, https:\/\/mientrada.com.ar\/sati\/wp-content\/uploads\/2025\/04\/cropped-LOGO-CONGRESO-ROSARIO-25-180x180.png 180w, https:\/\/mientrada.com.ar\/sati\/wp-content\/uploads\/2025\/04\/cropped-LOGO-CONGRESO-ROSARIO-25-32x32.png 32w, https:\/\/mientrada.com.ar\/sati\/wp-content\/uploads\/2025\/04\/cropped-LOGO-CONGRESO-ROSARIO-25.png 512w\" sizes=\"auto, (max-width: 300px) 100vw, 300px\" \/><\/div>\n\t\t\t\t\t<div class=\"wc-block-grid__product-title\">Taller: Ecograf\u00eda Pulmonar y Diafragm\u00e1tica (ECOGRAF\u00cdA PEDI\u00c1TRICA ) (ECO714IND1C3)<\/div>\n\t\t\t\t<\/a>\n\t\t\t\t<div class=\"wc-block-grid__product-price price\"><span class=\"woocommerce-Price-amount amount\"><span class=\"woocommerce-Price-currencySymbol\">ARS&#036;<\/span>&nbsp;8.600,00<\/span> &ndash; <span class=\"woocommerce-Price-amount amount\"><span class=\"woocommerce-Price-currencySymbol\">ARS&#036;<\/span>&nbsp;28.700,00<\/span><\/div>\n\t\t\t\t\n\t\t\t\t<div class=\"wp-block-button wc-block-grid__product-add-to-cart\"><a href=\"https:\/\/mientrada.com.ar\/sati\/producto\/taller-ecografia-pulmonar-y-diafragmatica-ecografia-pediatrica-eco714ind1c3\/\" aria-label=\"Elige las opciones para &ldquo;Taller: Ecograf\u00eda Pulmonar y Diafragm\u00e1tica (ECOGRAF\u00cdA PEDI\u00c1TRICA ) (ECO714IND1C3)&rdquo;\" data-quantity=\"1\" data-product_id=\"32820\" data-product_sku=\"\" data-price=\"8600\" rel=\"nofollow\" class=\"wp-block-button__link  add_to_cart_button\">Inscribirme<\/a><\/div>\n\t\t\t<\/li><li class=\"wc-block-grid__product\">\n\t\t\t\t<a href=\"https:\/\/mientrada.com.ar\/sati\/producto\/taller-ecodinamia-pediatrica-ecografia-pediatrica-eco714ind1c2\/\" class=\"wc-block-grid__product-link\">\n\t\t\t\t\t\n\t\t\t\t\t<div class=\"wc-block-grid__product-image\"><img loading=\"lazy\" decoding=\"async\" width=\"300\" height=\"300\" src=\"https:\/\/mientrada.com.ar\/sati\/wp-content\/uploads\/2025\/04\/cropped-LOGO-CONGRESO-ROSARIO-25-300x300.png\" class=\"attachment-woocommerce_thumbnail size-woocommerce_thumbnail\" alt=\"Taller: Ecodinamia Pedi\u00e1trica (ECOGRAF\u00cdA PEDI\u00c1TRICA ) (ECO714IND1C2)\" srcset=\"https:\/\/mientrada.com.ar\/sati\/wp-content\/uploads\/2025\/04\/cropped-LOGO-CONGRESO-ROSARIO-25-300x300.png 300w, https:\/\/mientrada.com.ar\/sati\/wp-content\/uploads\/2025\/04\/cropped-LOGO-CONGRESO-ROSARIO-25-150x150.png 150w, https:\/\/mientrada.com.ar\/sati\/wp-content\/uploads\/2025\/04\/cropped-LOGO-CONGRESO-ROSARIO-25-100x100.png 100w, https:\/\/mientrada.com.ar\/sati\/wp-content\/uploads\/2025\/04\/cropped-LOGO-CONGRESO-ROSARIO-25-270x270.png 270w, https:\/\/mientrada.com.ar\/sati\/wp-content\/uploads\/2025\/04\/cropped-LOGO-CONGRESO-ROSARIO-25-192x192.png 192w, https:\/\/mientrada.com.ar\/sati\/wp-content\/uploads\/2025\/04\/cropped-LOGO-CONGRESO-ROSARIO-25-180x180.png 180w, https:\/\/mientrada.com.ar\/sati\/wp-content\/uploads\/2025\/04\/cropped-LOGO-CONGRESO-ROSARIO-25-32x32.png 32w, https:\/\/mientrada.com.ar\/sati\/wp-content\/uploads\/2025\/04\/cropped-LOGO-CONGRESO-ROSARIO-25.png 512w\" sizes=\"auto, (max-width: 300px) 100vw, 300px\" \/><\/div>\n\t\t\t\t\t<div class=\"wc-block-grid__product-title\">Taller: Ecodinamia Pedi\u00e1trica (ECOGRAF\u00cdA PEDI\u00c1TRICA ) (ECO714IND1C2)<\/div>\n\t\t\t\t<\/a>\n\t\t\t\t<div class=\"wc-block-grid__product-price price\"><span class=\"woocommerce-Price-amount amount\"><span class=\"woocommerce-Price-currencySymbol\">ARS&#036;<\/span>&nbsp;8.600,00<\/span> &ndash; <span class=\"woocommerce-Price-amount amount\"><span class=\"woocommerce-Price-currencySymbol\">ARS&#036;<\/span>&nbsp;28.700,00<\/span><\/div>\n\t\t\t\t\n\t\t\t\t<div class=\"wp-block-button wc-block-grid__product-add-to-cart\"><a href=\"https:\/\/mientrada.com.ar\/sati\/producto\/taller-ecodinamia-pediatrica-ecografia-pediatrica-eco714ind1c2\/\" aria-label=\"Elige las opciones para &ldquo;Taller: Ecodinamia Pedi\u00e1trica (ECOGRAF\u00cdA PEDI\u00c1TRICA ) (ECO714IND1C2)&rdquo;\" data-quantity=\"1\" data-product_id=\"32813\" data-product_sku=\"\" data-price=\"8600\" rel=\"nofollow\" class=\"wp-block-button__link  add_to_cart_button\">Inscribirme<\/a><\/div>\n\t\t\t<\/li><li class=\"wc-block-grid__product\">\n\t\t\t\t<a href=\"https:\/\/mientrada.com.ar\/sati\/producto\/simposio-covidex-lesiones-por-presion-un-indicador-de-calidad-en-las-instituciones-de-salud-sin-cargo\/\" class=\"wc-block-grid__product-link\">\n\t\t\t\t\t\n\t\t\t\t\t<div class=\"wc-block-grid__product-image\"><img loading=\"lazy\" decoding=\"async\" width=\"300\" height=\"300\" src=\"https:\/\/mientrada.com.ar\/sati\/wp-content\/uploads\/2025\/07\/WhatsApp-Image-2025-08-06-at-17.28.28-300x300.jpeg\" class=\"attachment-woocommerce_thumbnail size-woocommerce_thumbnail\" alt=\"Simposio COVIDEX: &quot;Lesiones por presi\u00f3n, un indicador de calidad en las instituciones de salud (Sin Cargo)\" srcset=\"https:\/\/mientrada.com.ar\/sati\/wp-content\/uploads\/2025\/07\/WhatsApp-Image-2025-08-06-at-17.28.28-300x300.jpeg 300w, https:\/\/mientrada.com.ar\/sati\/wp-content\/uploads\/2025\/07\/WhatsApp-Image-2025-08-06-at-17.28.28-1024x1024.jpeg 1024w, https:\/\/mientrada.com.ar\/sati\/wp-content\/uploads\/2025\/07\/WhatsApp-Image-2025-08-06-at-17.28.28-150x150.jpeg 150w, https:\/\/mientrada.com.ar\/sati\/wp-content\/uploads\/2025\/07\/WhatsApp-Image-2025-08-06-at-17.28.28-768x768.jpeg 768w, https:\/\/mientrada.com.ar\/sati\/wp-content\/uploads\/2025\/07\/WhatsApp-Image-2025-08-06-at-17.28.28-600x600.jpeg 600w, https:\/\/mientrada.com.ar\/sati\/wp-content\/uploads\/2025\/07\/WhatsApp-Image-2025-08-06-at-17.28.28-100x100.jpeg 100w, https:\/\/mientrada.com.ar\/sati\/wp-content\/uploads\/2025\/07\/WhatsApp-Image-2025-08-06-at-17.28.28.jpeg 1240w\" sizes=\"auto, (max-width: 300px) 100vw, 300px\" \/><\/div>\n\t\t\t\t\t<div class=\"wc-block-grid__product-title\">Simposio COVIDEX: &#8220;Lesiones por presi\u00f3n, un indicador de calidad en las instituciones de salud (Sin Cargo)<\/div>\n\t\t\t\t<\/a>\n\t\t\t\t<div class=\"wc-block-grid__product-price price\"><span class=\"woocommerce-Price-amount amount\"><span class=\"woocommerce-Price-currencySymbol\">ARS&#036;<\/span>&nbsp;0,00<\/span><\/div>\n\t\t\t\t\n\t\t\t\t<div class=\"wp-block-button wc-block-grid__product-add-to-cart\"><a href=\"?add-to-cart=31554\" aria-label=\"INSCRIBIRME: &ldquo;Simposio COVIDEX: &quot;Lesiones por presi\u00f3n, un indicador de calidad en las instituciones de salud (Sin Cargo)&rdquo;\" data-quantity=\"1\" data-product_id=\"31554\" data-product_sku=\"\" data-price=\"0\" rel=\"nofollow\" class=\"wp-block-button__link  add_to_cart_button ajax_add_to_cart\">INSCRIBIRME<\/a><\/div>\n\t\t\t<\/li><\/ul><\/div><\/div><\/div>","protected":false},"excerpt":{"rendered":"","protected":false},"author":1,"featured_media":0,"parent":0,"menu_order":0,"comment_status":"closed","ping_status":"closed","template":"","meta":{"footnotes":""},"class_list":["post-7","page","type-page","status-publish","hentry"],"blocksy_meta":[],"_links":{"self":[{"href":"https:\/\/mientrada.com.ar\/sati\/wp-json\/wp\/v2\/pages\/7","targetHints":{"allow":["GET"]}}],"collection":[{"href":"https:\/\/mientrada.com.ar\/sati\/wp-json\/wp\/v2\/pages"}],"about":[{"href":"https:\/\/mientrada.com.ar\/sati\/wp-json\/wp\/v2\/types\/page"}],"author":[{"embeddable":true,"href":"https:\/\/mientrada.com.ar\/sati\/wp-json\/wp\/v2\/users\/1"}],"replies":[{"embeddable":true,"href":"https:\/\/mientrada.com.ar\/sati\/wp-json\/wp\/v2\/comments?post=7"}],"version-history":[{"count":1,"href":"https:\/\/mientrada.com.ar\/sati\/wp-json\/wp\/v2\/pages\/7\/revisions"}],"predecessor-version":[{"id":158,"href":"https:\/\/mientrada.com.ar\/sati\/wp-json\/wp\/v2\/pages\/7\/revisions\/158"}],"wp:attachment":[{"href":"https:\/\/mientrada.com.ar\/sati\/wp-json\/wp\/v2\/media?parent=7"}],"curies":[{"name":"wp","href":"https:\/\/api.w.org\/{rel}","templated":true}]}}