{"id":6913,"date":"2024-10-02T23:52:09","date_gmt":"2024-10-02T23:52:09","guid":{"rendered":"https:\/\/mientrada.com.ar\/sati\/?page_id=6913"},"modified":"2025-07-24T16:10:15","modified_gmt":"2025-07-24T16:10:15","slug":"inscripcion-a-simulaciones","status":"publish","type":"page","link":"https:\/\/mientrada.com.ar\/sati\/inscripcion-a-simulaciones\/","title":{"rendered":"Inscripci\u00f3n a Simulaciones"},"content":{"rendered":"<div style=\"height:50px\" aria-hidden=\"true\" class=\"wp-block-spacer\"><\/div><table  id=\"fooevents-event-listing-compact\">\r\n\t\t\t\t\t<tr id=\"fooevents-event-listing-compact-post-id-28425\" class=\"fooevents-event-listing-single fooevents-event-listing-compact-single\">\r\n\t\t\t\t\t\t\t\t\t<td class=\"date\" valign=\"top\" width=\"10%\">\r\n\t\t\t\t\t\t\t\t\t\t\t\t\t<div class=\"fooevents-event-listing-date-month\">Ago<\/div>\r\n\t\t\t\t\t\t\t<div class=\"fooevents-event-listing-date-day\">07<\/div>\r\n\t\t\t\t\t\t\t\r\n\t\t\t\t\t<\/td>\r\n\t\t\t\t\t\t\t\t<td valign=\"top\" width=\"70%\" class=\"fooevents-event-listing-compact-details\">\r\n\t\t\t\t\t<h3><a href=\"https:\/\/mientrada.com.ar\/sati\/producto\/simulacion-shock-en-pediatria-pediatria-ped714simul-sin-cargo\/\">SIMULACI\u00d3N: MANEJO DEL SHOCK S\u00c9PTICO EN PEDIATR\u00cdA (PEDIATRIA &#8211; PED714SIMUL) (Sin Cargo)<\/a><\/h3>     \r\n\t\t\t\t\t\t\t\t\t\t\t<p class=\"fooevents-event-listing-compact-location\"><strong>Santa Fe 3100. Sala 8. (Facultad de Medicina. UNR) &#8211; Centro de Simulaci\u00f3n, Universidad Nacional de Rosario (UNR). Facultad de Medicina.<\/strong><\/p>\r\n\t\t\t\t\t  \r\n\t\t\t\t\t\t\t\t\t\t\t<p class=\"fooevents-event-listing-compact-datetime\">\r\n\t\t\t\t\t\t\t\t\t\t\t\t\t<span class=\"event-icon event-icon-single\"><\/span><span class=\"event-time\">14:30   &#8211; 16:15<\/span>\r\n\t\t\t\t\t\t<\/p>\r\n\t\t\t\t\t\t\t               \r\n\t\t\t\t\t\t\t\t\t\t\t<div class=\"fooevents-event-listing-compact-excerpt\">ESTA ACTIVIDAD SE REALIZA EN: Santa Fe 3100. Sala 8. (Facultad de Medicina. UNR) &#8211; Centro de Simulaci\u00f3n, Universidad Nacional de Rosario (UNR). Facultad de Medicina. TIENE UN CUPO DE 15 ASISTENTES<\/div>\r\n\t\t\t\t\t                      \r\n\t\t\t\t<\/td>\r\n\t\t\t\t\t\t\t\t<td valign=\"top\" class=\"fooevents-event-listing-compact-details\">\r\n\t\t\t\t\t  \r\n\t\t\t\t\t\t\t\t\t<\/td>\r\n\t\t\t\t \r\n\t\t\t<\/tr>\r\n\t\t\t\t\t<tr id=\"fooevents-event-listing-compact-post-id-28426\" class=\"fooevents-event-listing-single fooevents-event-listing-compact-single\">\r\n\t\t\t\t\t\t\t\t\t<td class=\"date\" valign=\"top\" width=\"10%\">\r\n\t\t\t\t\t\t\t\t\t\t\t\t\t<div class=\"fooevents-event-listing-date-month\">Ago<\/div>\r\n\t\t\t\t\t\t\t<div class=\"fooevents-event-listing-date-day\">07<\/div>\r\n\t\t\t\t\t\t\t\r\n\t\t\t\t\t<\/td>\r\n\t\t\t\t\t\t\t\t<td valign=\"top\" width=\"70%\" class=\"fooevents-event-listing-compact-details\">\r\n\t\t\t\t\t<h3><a href=\"https:\/\/mientrada.com.ar\/sati\/producto\/simulacion-rcp-de-alta-calidad-en-pediatria-pediatria-ped716simul-sin-cargo\/\">SIMULACI\u00d3N: RCP PEDI\u00c1TRICA DE ALTA CALIDAD (PEDIATRIA &#8211; PED716SIMUL) (Sin Cargo)<\/a><\/h3>     \r\n\t\t\t\t\t\t\t\t\t\t\t<p class=\"fooevents-event-listing-compact-location\"><strong>Santa Fe 3100. Sala 8. (Facultad de Medicina. UNR) &#8211; Centro de Simulaci\u00f3n, Universidad Nacional de Rosario (UNR). Facultad de Medicina.<\/strong><\/p>\r\n\t\t\t\t\t  \r\n\t\t\t\t\t\t\t\t\t\t\t<p class=\"fooevents-event-listing-compact-datetime\">\r\n\t\t\t\t\t\t\t\t\t\t\t\t\t<span class=\"event-icon event-icon-single\"><\/span><span class=\"event-time\">16:20   &#8211; 17:45<\/span>\r\n\t\t\t\t\t\t<\/p>\r\n\t\t\t\t\t\t\t               \r\n\t\t\t\t\t\t\t\t\t\t\t<div class=\"fooevents-event-listing-compact-excerpt\">ESTA ACTIVIDAD SE REALIZA EN: Santa Fe 3100. Sala 8. (Facultad de Medicina. UNR) &#8211; Centro de Simulaci\u00f3n, Universidad Nacional de Rosario (UNR). Facultad de Medicina. TIENE UN CUPO DE 24 ASISTENTES<\/div>\r\n\t\t\t\t\t                      \r\n\t\t\t\t<\/td>\r\n\t\t\t\t\t\t\t\t<td valign=\"top\" class=\"fooevents-event-listing-compact-details\">\r\n\t\t\t\t\t  \r\n\t\t\t\t\t\t\t\t\t<\/td>\r\n\t\t\t\t \r\n\t\t\t<\/tr>\r\n\t\t\t\t\t<tr id=\"fooevents-event-listing-compact-post-id-28429\" class=\"fooevents-event-listing-single fooevents-event-listing-compact-single\">\r\n\t\t\t\t\t\t\t\t\t<td class=\"date\" valign=\"top\" width=\"10%\">\r\n\t\t\t\t\t\t\t\t\t\t\t\t\t<div class=\"fooevents-event-listing-date-month\">Ago<\/div>\r\n\t\t\t\t\t\t\t<div class=\"fooevents-event-listing-date-day\">07<\/div>\r\n\t\t\t\t\t\t\t\r\n\t\t\t\t\t<\/td>\r\n\t\t\t\t\t\t\t\t<td valign=\"top\" width=\"70%\" class=\"fooevents-event-listing-compact-details\">\r\n\t\t\t\t\t<h3><a href=\"https:\/\/mientrada.com.ar\/sati\/producto\/simulacion-circuito-cerrado-de-comunicacion-en-el-pcr-pediatria-ped717simul-sin-cargo\/\">SIMULACI\u00d3N: CIRCUITO CERRADO DE COMUNICACI\u00d3N EN EL PCR PEDI\u00c1TRICO (PEDIATRIA &#8211; PED717SIMUL) (Sin Cargo)<\/a><\/h3>     \r\n\t\t\t\t\t\t\t\t\t\t\t<p class=\"fooevents-event-listing-compact-location\"><strong>Santa Fe 3100. Sala 8. (Facultad de Medicina. UNR) &#8211; Centro de Simulaci\u00f3n, Universidad Nacional de Rosario (UNR). Facultad de Medicina.<\/strong><\/p>\r\n\t\t\t\t\t  \r\n\t\t\t\t\t\t\t\t\t\t\t<p class=\"fooevents-event-listing-compact-datetime\">\r\n\t\t\t\t\t\t\t\t\t\t\t\t\t<span class=\"event-icon event-icon-single\"><\/span><span class=\"event-time\">17:50   &#8211; 19:00<\/span>\r\n\t\t\t\t\t\t<\/p>\r\n\t\t\t\t\t\t\t               \r\n\t\t\t\t\t\t\t\t\t\t\t<div class=\"fooevents-event-listing-compact-excerpt\">ESTA ACTIVIDAD SE REALIZA EN: Santa Fe 3100. Sala 8. (Facultad de Medicina. UNR) &#8211; Centro de Simulaci\u00f3n, Universidad Nacional de Rosario (UNR). Facultad de Medicina. TIENE UN CUPO DE 15 ASISTENTES<\/div>\r\n\t\t\t\t\t                      \r\n\t\t\t\t<\/td>\r\n\t\t\t\t\t\t\t\t<td valign=\"top\" class=\"fooevents-event-listing-compact-details\">\r\n\t\t\t\t\t  \r\n\t\t\t\t\t\t\t\t\t<\/td>\r\n\t\t\t\t \r\n\t\t\t<\/tr>\r\n\t\t   \r\n\t<\/table>","protected":false},"excerpt":{"rendered":"","protected":false},"author":2,"featured_media":0,"parent":0,"menu_order":0,"comment_status":"closed","ping_status":"closed","template":"","meta":{"footnotes":""},"class_list":["post-6913","page","type-page","status-publish","hentry"],"blocksy_meta":[],"_links":{"self":[{"href":"https:\/\/mientrada.com.ar\/sati\/wp-json\/wp\/v2\/pages\/6913","targetHints":{"allow":["GET"]}}],"collection":[{"href":"https:\/\/mientrada.com.ar\/sati\/wp-json\/wp\/v2\/pages"}],"about":[{"href":"https:\/\/mientrada.com.ar\/sati\/wp-json\/wp\/v2\/types\/page"}],"author":[{"embeddable":true,"href":"https:\/\/mientrada.com.ar\/sati\/wp-json\/wp\/v2\/users\/2"}],"replies":[{"embeddable":true,"href":"https:\/\/mientrada.com.ar\/sati\/wp-json\/wp\/v2\/comments?post=6913"}],"version-history":[{"count":6,"href":"https:\/\/mientrada.com.ar\/sati\/wp-json\/wp\/v2\/pages\/6913\/revisions"}],"predecessor-version":[{"id":28923,"href":"https:\/\/mientrada.com.ar\/sati\/wp-json\/wp\/v2\/pages\/6913\/revisions\/28923"}],"wp:attachment":[{"href":"https:\/\/mientrada.com.ar\/sati\/wp-json\/wp\/v2\/media?parent=6913"}],"curies":[{"name":"wp","href":"https:\/\/api.w.org\/{rel}","templated":true}]}}