{"id":38542,"date":"2025-09-02T04:02:45","date_gmt":"2025-09-02T04:02:45","guid":{"rendered":"https:\/\/mientrada.com.ar\/sati\/?page_id=38542"},"modified":"2025-09-02T05:02:26","modified_gmt":"2025-09-02T05:02:26","slug":"gestion-de-certificado-faltante-2025","status":"publish","type":"page","link":"https:\/\/mientrada.com.ar\/sati\/gestion-de-certificado-faltante-2025\/","title":{"rendered":"Gesti\u00f3n de Certificado Faltante Congreso 2025"},"content":{"rendered":"<div class=\"wp-block-contact-form-7-contact-form-selector\">\n<div class=\"wpcf7 no-js\" id=\"wpcf7-f38563-o1\" lang=\"es-ES\" dir=\"ltr\" data-wpcf7-id=\"38563\">\n<div class=\"screen-reader-response\"><p role=\"status\" aria-live=\"polite\" aria-atomic=\"true\"><\/p> <ul><\/ul><\/div>\n<form action=\"\/sati\/wp-json\/wp\/v2\/pages\/38542#wpcf7-f38563-o1\" method=\"post\" class=\"wpcf7-form init\" aria-label=\"Formulario de contacto\" novalidate=\"novalidate\" data-status=\"init\">\n<fieldset class=\"hidden-fields-container\"><input type=\"hidden\" name=\"_wpcf7\" value=\"38563\" \/><input type=\"hidden\" name=\"_wpcf7_version\" value=\"6.1\" \/><input type=\"hidden\" name=\"_wpcf7_locale\" value=\"es_ES\" \/><input type=\"hidden\" name=\"_wpcf7_unit_tag\" value=\"wpcf7-f38563-o1\" \/><input type=\"hidden\" name=\"_wpcf7_container_post\" value=\"0\" \/><input type=\"hidden\" name=\"_wpcf7_posted_data_hash\" value=\"\" \/><input type=\"hidden\" name=\"_uacf7_hidden_conditional_fields\" value=\"\" \/>\n<\/fieldset>\n<div class=\"uacf7-form-38563  \"><label>Nombre y Apellido Completo (Tal como debe figurar e el certificado)\n    <span class=\"wpcf7-form-control-wrap\" data-name=\"your-name\"><input size=\"40\" maxlength=\"400\" class=\"wpcf7-form-control wpcf7-text wpcf7-validates-as-required\" aria-required=\"true\" aria-invalid=\"false\" value=\"\" type=\"text\" name=\"your-name\" \/><\/span> <\/label>\n\n<label> Correo electr\u00f3nico\n    <span class=\"wpcf7-form-control-wrap\" data-name=\"your-email\"><input size=\"40\" maxlength=\"400\" class=\"wpcf7-form-control wpcf7-email wpcf7-validates-as-required wpcf7-text wpcf7-validates-as-email\" aria-required=\"true\" aria-invalid=\"false\" value=\"\" type=\"email\" name=\"your-email\" \/><\/span> <\/label>\n\n<label> Tel\u00e9fono de Contacto\n   <span class=\"wpcf7-form-control-wrap\" data-name=\"tel-788\"><input size=\"40\" maxlength=\"400\" class=\"wpcf7-form-control wpcf7-tel wpcf7-text wpcf7-validates-as-tel\" aria-invalid=\"false\" value=\"\" type=\"tel\" name=\"tel-788\" \/><\/span><\/label>\n\n\n<label> Solicita dertificado de\n<span class=\"wpcf7-form-control-wrap\" data-name=\"tipodecertificado\"><select class=\"wpcf7-form-control wpcf7-select wpcf7-validates-as-required\" aria-required=\"true\" aria-invalid=\"false\" name=\"tipodecertificado\"><option value=\"\">&#8212;Por favor, elige una opci\u00f3n&#8212;<\/option><option value=\"ASISTENCIA\">ASISTENCIA<\/option><option value=\"TALLER\/SIMPOSIO\">TALLER\/SIMPOSIO<\/option><option value=\"COMIT\u00c9 CIENT\u00cdFICO\">COMIT\u00c9 CIENT\u00cdFICO<\/option><\/select><\/span> <\/label>\n\n<label> Si es un seminario o Taller, por favor seleccione cual: <\/label>\n<span class=\"wpcf7-form-control-wrap\" data-name=\"select-841\"><select class=\"wpcf7-form-control wpcf7-select\" aria-invalid=\"false\" name=\"select-841\"><option value=\"Seleccionar...\">Seleccionar...<\/option><option value=\"Taller: De lo simple a lo Complejo: Discusi\u00f3n paso a paso del paciente cr\u00edtico con IRA (NEFROLOGIA Y MEDIO INTERNO) (NEF717LIBB)\">Taller: De lo simple a lo Complejo: Discusi\u00f3n paso a paso del paciente cr\u00edtico con IRA (NEFROLOGIA Y MEDIO INTERNO) (NEF717LIBB)<\/option><option value=\"Taller: Ecograf\u00eda Pulmonar y Diafragm\u00e1tica (ECOGRAF\u00cdA PEDI\u00c1TRICA) (ECO714IND1C3)\">Taller: Ecograf\u00eda Pulmonar y Diafragm\u00e1tica (ECOGRAF\u00cdA PEDI\u00c1TRICA) (ECO714IND1C3)<\/option><option value=\"Taller: Ecodinamia Pedi\u00e1trica (ECOGRAF\u00cdA PEDI\u00c1TRICA) (ECO714IND1C2)\">Taller: Ecodinamia Pedi\u00e1trica (ECOGRAF\u00cdA PEDI\u00c1TRICA) (ECO714IND1C2)<\/option><option value=\"Taller: Ecograf\u00eda avanzada en Enfermer\u00eda (ECOGRAF\u00cdA) (ECO714IND1B)\">Taller: Ecograf\u00eda avanzada en Enfermer\u00eda (ECOGRAF\u00cdA) (ECO714IND1B)<\/option><option value=\"Taller: Ecograf\u00eda en Adultos, M\u00e9dicos y Kinesi\u00f3logos (ECOGRAF\u00cdA) (ECO714IND1A)\">Taller: Ecograf\u00eda en Adultos, M\u00e9dicos y Kinesi\u00f3logos (ECOGRAF\u00cdA) (ECO714IND1A)<\/option><option value=\"Taller: Soporte no invasivo en insuficiencia respiratoria en reci\u00e9n nacidos (ENFERMERIA NEONATAL) (ENFN715LIBA)\">Taller: Soporte no invasivo en insuficiencia respiratoria en reci\u00e9n nacidos (ENFERMERIA NEONATAL) (ENFN715LIBA)<\/option><option value=\"Taller: Farmacolog\u00eda Neonatal (ENFERMERIA NEONATAL) (ENFN716LIBA)\">Taller: Farmacolog\u00eda Neonatal (ENFERMERIA NEONATAL) (ENFN716LIBA)<\/option><option value=\"Taller: Asistencia Respiratoria Mec\u00e1nica en Neonatos (ENFERMERIA NEONATAL) (ENFN717LIBA)\">Taller: Asistencia Respiratoria Mec\u00e1nica en Neonatos (ENFERMERIA NEONATAL) (ENFN717LIBA)<\/option><option value=\"Taller: \u00bfCuidado de piel en las intervenciones de enfermer\u00eda (AVP)? (ENFERMERIA NEONATAL) (ENFN714LIBA)\">Taller: \u00bfCuidado de piel en las intervenciones de enfermer\u00eda (AVP)? (ENFERMERIA NEONATAL) (ENFN714LIBA)<\/option><option value=\"Taller: Abordaje del suicidio en la UCI: romper el silencio y asumir la urgencia (G\u00c9NERO Y DIVERSIDAD) (GEN715DIREC)\">Taller: Abordaje del suicidio en la UCI: romper el silencio y asumir la urgencia (G\u00c9NERO Y DIVERSIDAD) (GEN715DIREC)<\/option><option value=\"Taller: Datos en la UCI: taller interactivo de Excel para profesionales de la salud (GESTI\u00d3N CALIDAD Y DATOS) (GES714DIREC)\">Taller: Datos en la UCI: taller interactivo de Excel para profesionales de la salud (GESTI\u00d3N CALIDAD Y DATOS) (GES714DIREC)<\/option><option value=\"Taller: Manejo avanzado del paciente con shock s\u00e9ptico (SHOCK Y SEPSIS) (SHO714CONTA)\">Taller: Manejo avanzado del paciente con shock s\u00e9ptico (SHOCK Y SEPSIS) (SHO714CONTA)<\/option><option value=\"Taller: Priorizaci\u00f3n en el paciente politraumatizado (TRAUMA) (TRA717LIBC)\">Taller: Priorizaci\u00f3n en el paciente politraumatizado (TRAUMA) (TRA717LIBC)<\/option><option value=\"Taller: Seteo inicial de la ventilaci\u00f3n mec\u00e1nica - Casos Cl\u00ednicos (NEUMONOLOGIA Y KINESIOLOG\u00cdA) (NEUM717IND2)\">Taller: Seteo inicial de la ventilaci\u00f3n mec\u00e1nica - Casos Cl\u00ednicos (NEUMONOLOGIA Y KINESIOLOG\u00cdA) (NEUM717IND2)<\/option><option value=\"Taller: Fisiolog\u00eda Respiratoria (NEUMONOLOGIA Y KINESIOLOG\u00cdA) (NEU714PANOR)\">Taller: Fisiolog\u00eda Respiratoria (NEUMONOLOGIA Y KINESIOLOG\u00cdA) (NEU714PANOR)<\/option><option value=\"Taller: OPG monitoreo b\u00e1sico y avanzado en ventilaci\u00f3n mec\u00e1nica (NEUMONOLOGIA Y KINESIOLOG\u00cdA) (NEUM714IND2)\">Taller: OPG monitoreo b\u00e1sico y avanzado en ventilaci\u00f3n mec\u00e1nica (NEUMONOLOGIA Y KINESIOLOG\u00cdA) (NEUM714IND2)<\/option><option value=\"Taller: Doppler Transcraneal (NEUROINTENSIVISMO) (NEU714CONTC)\">Taller: Doppler Transcraneal (NEUROINTENSIVISMO) (NEU714CONTC)<\/option><option value=\"Taller: Neuromonitoreo (NEUROINTENSIVISMO) (NEU716CONTC)\">Taller: Neuromonitoreo (NEUROINTENSIVISMO) (NEU716CONTC)<\/option><option value=\"Taller: Diagn\u00f3stico de Muerte Encef\u00e1lica \u00bfC\u00f3mo la Comunicamos? (PEDIATRIA) (PED716CONTB)\">Taller: Diagn\u00f3stico de Muerte Encef\u00e1lica \u00bfC\u00f3mo la Comunicamos? (PEDIATRIA) (PED716CONTB)<\/option><option value=\"Taller: Monitoreo en la ventilaci\u00f3n de soporte parcial (PEDIATRIA) (PED714CONTB)\">Taller: Monitoreo en la ventilaci\u00f3n de soporte parcial (PEDIATRIA) (PED714CONTB)<\/option><option value=\"Taller: Manejo del marcapaso en el post quir\u00fargico inmediato (PEDIATRIA) (PED717CONTB)\">Taller: Manejo del marcapaso en el post quir\u00fargico inmediato (PEDIATRIA) (PED717CONTB)<\/option><option value=\"Taller: S\u00edndrome post UCIP en Pediatr\u00eda (SEDACION, ANALGESIA Y DELIRIUM - SEGUIMIENTO Y REHABILITACI\u00d3N) (SED714LIBB)\">Taller: S\u00edndrome post UCIP en Pediatr\u00eda (SEDACION, ANALGESIA Y DELIRIUM - SEGUIMIENTO Y REHABILITACI\u00d3N) (SED714LIBB)<\/option><option value=\"Taller: Taller de Soporte Vital Extracorp\u00f3reo y Donaci\u00f3n Asistolia (SOPORTE VITAL EXTRACORP\u00d3REO - COSOVE - TRASPLANTE Y PROCURACI\u00d3N) (SOP714LIBC)\">Taller: Taller de Soporte Vital Extracorp\u00f3reo y Donaci\u00f3n Asistolia (SOPORTE VITAL EXTRACORP\u00d3REO - COSOVE - TRASPLANTE Y PROCURACI\u00d3N) (SOP714LIBC)<\/option><option value=\"Taller: Pancreatitis cr\u00f3nica reagudizada e Insuficiencia pancre\u00e1tica exocrina (PATOLOG\u00cdA DIGESTIVA - COSONUME - CALINU) (PAT718CONTA)\">Taller: Pancreatitis cr\u00f3nica reagudizada e Insuficiencia pancre\u00e1tica exocrina (PATOLOG\u00cdA DIGESTIVA - COSONUME - CALINU) (PAT718CONTA)<\/option><option value=\"Taller: Hipertensi\u00f3n Abdominal y S\u00edndrome compartimental abdominal (PATOLOGIA DIGESTIVA - COSONUME - CALINU) (PAT716CONTA)\">Taller: Hipertensi\u00f3n Abdominal y S\u00edndrome compartimental abdominal (PATOLOGIA DIGESTIVA - COSONUME - CALINU) (PAT716CONTA)<\/option><option value=\"Taller: Taller de emergencias obst\u00e9tricas (OBSTETRICIA) (OBST717HALL)\">Taller: Taller de emergencias obst\u00e9tricas (OBSTETRICIA) (OBST717HALL)<\/option><option value=\"Taller: \u00bfC\u00f3mo iniciar una entrevista en Terapia Intensiva? (BIOETICA) (BIO717DIREC)\">Taller: \u00bfC\u00f3mo iniciar una entrevista en Terapia Intensiva? (BIOETICA) (BIO717DIREC)<\/option><option value=\"Taller: Manejo de la v\u00eda a\u00e9rea dificultosa mediante la traqueostom\u00eda percut\u00e1nea en pacientes oncol\u00f3gicos con tumores de cuello (CEMRI: V\u00cdA A\u00c9REA: ONCOLOGIA CRITICA) (CEM714HALL)\">Taller: Manejo de la v\u00eda a\u00e9rea dificultosa mediante la traqueostom\u00eda percut\u00e1nea en pacientes oncol\u00f3gicos con tumores de cuello (CEMRI: V\u00cdA A\u00c9REA: ONCOLOGIA CRITICA) (CEM714HALL)<\/option><option value=\"Taller: POCUS pedi\u00e1trico y politraumatismo (ECOGRAF\u00cdA PEDI\u00c1TRICA) (ECO714IND1C1)\">Taller: POCUS pedi\u00e1trico y politraumatismo (ECOGRAF\u00cdA PEDI\u00c1TRICA) (ECO714IND1C1)<\/option><option value=\"Taller: Refreshment y Hot Topic (CD: ORGANIZACI\u00d3N) (CDO716PANOR)\">Taller: Refreshment y Hot Topic (CD: ORGANIZACI\u00d3N) (CDO716PANOR)<\/option><option value=\"Simposio DRIPLAN: Repensando el rol de oxigenoterapia alto flujo en la falla respiratoria hipox\u00e9mica: \u00bfEs el paciente correcto?\">Simposio DRIPLAN: Repensando el rol de oxigenoterapia alto flujo en la falla respiratoria hipox\u00e9mica: \u00bfEs el paciente correcto?<\/option><option value=\"Simposio SAMTRONIC - TALLER: Aplicaci\u00f3n de Tecnolog\u00eda a bombas de Infusi\u00f3n\">Simposio SAMTRONIC - TALLER: Aplicaci\u00f3n de Tecnolog\u00eda a bombas de Infusi\u00f3n<\/option><option value=\"Simposio CROMA: Midiendo el Term\u00f3metro de tu Salud Financiera\">Simposio CROMA: Midiendo el Term\u00f3metro de tu Salud Financiera<\/option><option value=\"Simposio GRIENSU: Reclutar o no reclutar, el conflicto del pulm\u00f3n cr\u00edtico\">Simposio GRIENSU: Reclutar o no reclutar, el conflicto del pulm\u00f3n cr\u00edtico<\/option><option value=\"Simposio MONTEBIO: \u00bfEstamos midiendo bien el Magnesio? El valor del iMg en el paciente cr\u00edtico&quot;\">Simposio MONTEBIO: \u00bfEstamos midiendo bien el Magnesio? El valor del iMg en el paciente cr\u00edtico&quot;<\/option><option value=\"Simposio JAEJ: LA CAMA DE UCI BAJO LA LUPA \u00bfQu\u00e9 aspectos impactan en la seguridad del paciente?\">Simposio JAEJ: LA CAMA DE UCI BAJO LA LUPA \u00bfQu\u00e9 aspectos impactan en la seguridad del paciente?<\/option><option value=\"Simposio JAEJ: WEANING ECOGUIADO: Interacci\u00f3n Pulm\u00f3n-Diafragma-Coraz\u00f3n durante el destete\">Simposio JAEJ: WEANING ECOGUIADO: Interacci\u00f3n Pulm\u00f3n-Diafragma-Coraz\u00f3n durante el destete<\/option><option value=\"Simposio SILMAG: Nos presentaremos con el simposio: &quot;Cuidado del capital venoso en neonatolog\u00eda&quot;\">Simposio SILMAG: Nos presentaremos con el simposio: &quot;Cuidado del capital venoso en neonatolog\u00eda&quot;<\/option><option value=\"Simposio DCD: Evaluaci\u00f3n, prevenci\u00f3n y manejo de Lesiones Cut\u00e1neas asociadas a adhesivos m\u00e9dicos (MARSI) en paciente cr\u00edtico\">Simposio DCD: Evaluaci\u00f3n, prevenci\u00f3n y manejo de Lesiones Cut\u00e1neas asociadas a adhesivos m\u00e9dicos (MARSI) en paciente cr\u00edtico<\/option><option value=\"Simposio DCD: Sedaci\u00f3n inhalada en UTI \u00bfcu\u00e1l es nuestra experiencia?\">Simposio DCD: Sedaci\u00f3n inhalada en UTI \u00bfcu\u00e1l es nuestra experiencia?<\/option><option value=\"Simposio DCD: Broncoscopia en Cuidados Cr\u00edticos\">Simposio DCD: Broncoscopia en Cuidados Cr\u00edticos<\/option><option value=\"Simposio AGIMED: \u00bfC\u00d3MO MEJORAMOS LA GESTI\u00d3N DEL CUIDADO CON HERRAMIENTAS DE MONITORIZACI\u00d3N? (Mi\u00e9rcoles 06 - Sin Cargo)\">Simposio AGIMED: \u00bfC\u00d3MO MEJORAMOS LA GESTI\u00d3N DEL CUIDADO CON HERRAMIENTAS DE MONITORIZACI\u00d3N? (Mi\u00e9rcoles 06 - Sin Cargo)<\/option><option value=\"Simposio AGIMED: \u00bfC\u00d3MO MEJORAMOS LA GESTI\u00d3N DEL CUIDADO CON HERRAMIENTAS DE MONITORIZACI\u00d3N? (Jueves 07 - Sin Cargo)\">Simposio AGIMED: \u00bfC\u00d3MO MEJORAMOS LA GESTI\u00d3N DEL CUIDADO CON HERRAMIENTAS DE MONITORIZACI\u00d3N? (Jueves 07 - Sin Cargo)<\/option><option value=\"Simposio LEEX: Neurocriticos y Doppler Transcraneal: qu\u00e9 evaluar, c\u00f3mo medir y qu\u00e9 decisiones tomar\">Simposio LEEX: Neurocriticos y Doppler Transcraneal: qu\u00e9 evaluar, c\u00f3mo medir y qu\u00e9 decisiones tomar<\/option><option value=\"Simposio LEEX: Manejo de complicaciones respiratorias en el pop inmediato de esofagectom\u00eda.\">Simposio LEEX: Manejo de complicaciones respiratorias en el pop inmediato de esofagectom\u00eda.<\/option><option value=\"Simposio LEEX: POCUS para el monitoreo del Gasto Card\u00edaco y Respuesta a Volumen en ni\u00f1os con Inestabilidad Hemodin\u00e1mica\">Simposio LEEX: POCUS para el monitoreo del Gasto Card\u00edaco y Respuesta a Volumen en ni\u00f1os con Inestabilidad Hemodin\u00e1mica<\/option><option value=\"Simposio AMERICANFIURE: Cu\u00e1les son los retos de la ventilaci\u00f3n mec\u00e1nica no invasiva\">Simposio AMERICANFIURE: Cu\u00e1les son los retos de la ventilaci\u00f3n mec\u00e1nica no invasiva<\/option><option value=\"Simposio EUROSWISS: Sistema de Compresi\u00f3n Neum\u00e1tica\">Simposio EUROSWISS: Sistema de Compresi\u00f3n Neum\u00e1tica<\/option><option value=\"Simposio EUROSWISS: Scan TAT y Ap\u00f3sitos SorbaView\">Simposio EUROSWISS: Scan TAT y Ap\u00f3sitos SorbaView<\/option><option value=\"Simposio EUROSWISS: Ec\u00f3grafo X5 SonoScape\">Simposio EUROSWISS: Ec\u00f3grafo X5 SonoScape<\/option><option value=\"Simposio EUROSWISS: Sistema de Acceso Intra\u00f3seo\">Simposio EUROSWISS: Sistema de Acceso Intra\u00f3seo<\/option><option value=\"Simposio SURBO - TECNOLAB: Secretos de Point of Care en Unidades Cr\u00edticas\">Simposio SURBO - TECNOLAB: Secretos de Point of Care en Unidades Cr\u00edticas<\/option><option value=\"Simposio TECME: Optimizaci\u00f3n del soporte no invasivo en lactantes. \u00bfQu\u00e9 variables considerar?\">Simposio TECME: Optimizaci\u00f3n del soporte no invasivo en lactantes. \u00bfQu\u00e9 variables considerar?<\/option><option value=\"Simposio TECME: Ventilaci\u00f3n protectora en pacientes cr\u00edticos-racional y aplicaci\u00f3n\">Simposio TECME: Ventilaci\u00f3n protectora en pacientes cr\u00edticos-racional y aplicaci\u00f3n<\/option><option value=\"Simposio PROPATO: Vent Support: Inteligencia artificial para personalizar y optimizar la ventilaci\u00f3n mec\u00e1nica\">Simposio PROPATO: Vent Support: Inteligencia artificial para personalizar y optimizar la ventilaci\u00f3n mec\u00e1nica<\/option><option value=\"Simposio PROPATO: Vent Support: Inteligencia artificial para personalizar y optimizar la ventilaci\u00f3n mec\u00e1nica   (Jueves 7)\">Simposio PROPATO: Vent Support: Inteligencia artificial para personalizar y optimizar la ventilaci\u00f3n mec\u00e1nica   (Jueves 7)<\/option><option value=\"Simposio BG ANALIZADORES: Electrolitos en terapia intensiva: \u00bfEst\u00e1s midiendo lo que cre\u00e9s? El impacto cl\u00ednico de la potenciometr\u00eda directa e indirecta\">Simposio BG ANALIZADORES: Electrolitos en terapia intensiva: \u00bfEst\u00e1s midiendo lo que cre\u00e9s? El impacto cl\u00ednico de la potenciometr\u00eda directa e indirecta<\/option><option value=\"Simposio CSH: Integraci\u00f3n de tecnolog\u00eda en el paciente cr\u00edtico: del dato al conocimiento cl\u00ednico\">Simposio CSH: Integraci\u00f3n de tecnolog\u00eda en el paciente cr\u00edtico: del dato al conocimiento cl\u00ednico<\/option><option value=\"Simposio Grupo Oro\u00f1o: Monitoreo hemodin\u00e1mico y ventilatorio de alta complejidad en pacientes internados en unidades cr\u00edticas.\">Simposio Grupo Oro\u00f1o: Monitoreo hemodin\u00e1mico y ventilatorio de alta complejidad en pacientes internados en unidades cr\u00edticas.<\/option><option value=\"Simposio CONMIL: INNOVACI\u00d3N EN EL MANEJO DE LA V\u00cdA A\u00c9REA: DEL LARINGOSCOPIO TRADICIONAL A LA VIDEOLARINGOSCOP\u00cdA\">Simposio CONMIL: INNOVACI\u00d3N EN EL MANEJO DE LA V\u00cdA A\u00c9REA: DEL LARINGOSCOPIO TRADICIONAL A LA VIDEOLARINGOSCOP\u00cdA<\/option><option value=\"Simposio ANGELS: EXPERIENCIA DE UN INTENSIVISTA EN LA UNIDAD DE ACV\">Simposio ANGELS: EXPERIENCIA DE UN INTENSIVISTA EN LA UNIDAD DE ACV<\/option><option value=\"Simposio NUTRICIA BAG\u00d3 (Incluye Lunch box): SOPORTE NUTRICIONAL HOY: EVIDENCIA, ACTUALIZACI\u00d3N Y DEBATE ABIERTO.\">Simposio NUTRICIA BAG\u00d3 (Incluye Lunch box): SOPORTE NUTRICIONAL HOY: EVIDENCIA, ACTUALIZACI\u00d3N Y DEBATE ABIERTO.<\/option><option value=\"Simposio ABBOT: DE HERIDAS &quot;Algoritmo de abordaje de lesiones y heridas de la piel en terapia intensiva&quot;. Rol de la Colagenasa.\">Simposio ABBOT: DE HERIDAS &quot;Algoritmo de abordaje de lesiones y heridas de la piel en terapia intensiva&quot;. Rol de la Colagenasa.<\/option><option value=\"Simposio NEFRA: Extracorporeal Organ Support, \u00bfSue\u00f1o o realidad?\">Simposio NEFRA: Extracorporeal Organ Support, \u00bfSue\u00f1o o realidad?<\/option><option value=\"Simposio NEFRA: Recambio Plasm\u00e1tico en UCI - \u00bfCu\u00e1ndo y para qui\u00e9n?\">Simposio NEFRA: Recambio Plasm\u00e1tico en UCI - \u00bfCu\u00e1ndo y para qui\u00e9n?<\/option><option value=\"Simposio NEFRA: TRRC: \u00bfCu\u00e1ndo y a qui\u00e9n le inici\u00f3? \u00bfC\u00f3mo elijo el modo de tratamiento?\">Simposio NEFRA: TRRC: \u00bfCu\u00e1ndo y a qui\u00e9n le inici\u00f3? \u00bfC\u00f3mo elijo el modo de tratamiento?<\/option><option value=\"Simposio STORING: Terapias de Purificaci\u00f3n Extrarenal Symposium\">Simposio STORING: Terapias de Purificaci\u00f3n Extrarenal Symposium<\/option><option value=\"Simposio STORING: Terapias de Soporte Renal en Cuidados Cr\u00edticos\">Simposio STORING: Terapias de Soporte Renal en Cuidados Cr\u00edticos<\/option><option value=\"Simposio BAGO: Infecciones dif\u00edciles, decisiones cr\u00edticas\">Simposio BAGO: Infecciones dif\u00edciles, decisiones cr\u00edticas<\/option><option value=\"Simposio UNIC: FISIOLOG\u00cdA Y TECNOLOG\u00cdA APLICADAS AL MANEJO DEL SHOCK\">Simposio UNIC: FISIOLOG\u00cdA Y TECNOLOG\u00cdA APLICADAS AL MANEJO DEL SHOCK<\/option><option value=\"Simposio SUIZO ARGENTINA: El monitoreo hemodin\u00e1mico: una herramienta cr\u00edtica en el recorrido del paciente en cuidados cr\u00edticos.\">Simposio SUIZO ARGENTINA: El monitoreo hemodin\u00e1mico: una herramienta cr\u00edtica en el recorrido del paciente en cuidados cr\u00edticos.<\/option><option value=\"Simposio SUIZO ARGENTINA: Prevenci\u00f3n de ETV en pacientes de alto riesgo. \u00bfEstamos haciendo lo suficiente?.\">Simposio SUIZO ARGENTINA: Prevenci\u00f3n de ETV en pacientes de alto riesgo. \u00bfEstamos haciendo lo suficiente?.<\/option><option value=\"Simposio SUIZO ARGENTINA: &quot;LIDERAR DESDE EL CUIDADO&quot;; conexi\u00f3n EnFit como pilar de la seguridad.\">Simposio SUIZO ARGENTINA: &quot;LIDERAR DESDE EL CUIDADO&quot;; conexi\u00f3n EnFit como pilar de la seguridad.<\/option><option value=\"Simposio SUIZO ARGENTINA: Pacientes de alto riesgo de trombosis y estrategias para la prevenci\u00f3n de ETV\">Simposio SUIZO ARGENTINA: Pacientes de alto riesgo de trombosis y estrategias para la prevenci\u00f3n de ETV<\/option><option value=\"Simposio BOEHRINGER INGELHEIM: Nuevas terapias de reperfusi\u00f3n en Infarto agudo de miocardio y ACV isqu\u00e9mico\">Simposio BOEHRINGER INGELHEIM: Nuevas terapias de reperfusi\u00f3n en Infarto agudo de miocardio y ACV isqu\u00e9mico<\/option><option value=\"Simposio SUIZO ARGENTINA: Elecciones asertivas en la UCI: \u00bfc\u00f3mo planear y que considerar para en la terapia nutricional enteral?\">Simposio SUIZO ARGENTINA: Elecciones asertivas en la UCI: \u00bfc\u00f3mo planear y que considerar para en la terapia nutricional enteral?<\/option><option value=\"Simposio SUIZO ARGENTINA: Recomendaciones de la INS 2024, relacionado a las soluciones de la disminuci\u00f3n del Riesgo de Infecci\u00f3n del Torrente Sangu\u00edneo\">Simposio SUIZO ARGENTINA: Recomendaciones de la INS 2024, relacionado a las soluciones de la disminuci\u00f3n del Riesgo de Infecci\u00f3n del Torrente Sangu\u00edneo<\/option><option value=\"Simposio LEISTUNG: MAS ALL\u00c1 DE LA HERRAMIENTA: DEL DATO A LA DECISI\u00d3N\">Simposio LEISTUNG: MAS ALL\u00c1 DE LA HERRAMIENTA: DEL DATO A LA DECISI\u00d3N<\/option><option value=\"Simposio COVIDEX: &quot;Lesiones por presi\u00f3n, un indicador de calidad en las instituciones de salud\">Simposio COVIDEX: &quot;Lesiones por presi\u00f3n, un indicador de calidad en las instituciones de salud<\/option><\/select><\/span>\n\n<label> Comentario Adicional (opcional)\n    <span class=\"wpcf7-form-control-wrap\" data-name=\"your-message\"><textarea cols=\"40\" rows=\"10\" maxlength=\"2000\" class=\"wpcf7-form-control wpcf7-textarea\" aria-invalid=\"false\" name=\"your-message\"><\/textarea><\/span> <\/label>\n\n<input class=\"wpcf7-form-control wpcf7-submit has-spinner\" type=\"submit\" value=\"Enviar\" \/><\/div><div class=\"wpcf7-response-output\" aria-hidden=\"true\"><\/div>\n<\/form>\n<\/div>\n<\/div>","protected":false},"excerpt":{"rendered":"","protected":false},"author":2,"featured_media":0,"parent":0,"menu_order":0,"comment_status":"closed","ping_status":"closed","template":"","meta":{"footnotes":""},"class_list":["post-38542","page","type-page","status-publish","hentry"],"blocksy_meta":[],"_links":{"self":[{"href":"https:\/\/mientrada.com.ar\/sati\/wp-json\/wp\/v2\/pages\/38542","targetHints":{"allow":["GET"]}}],"collection":[{"href":"https:\/\/mientrada.com.ar\/sati\/wp-json\/wp\/v2\/pages"}],"about":[{"href":"https:\/\/mientrada.com.ar\/sati\/wp-json\/wp\/v2\/types\/page"}],"author":[{"embeddable":true,"href":"https:\/\/mientrada.com.ar\/sati\/wp-json\/wp\/v2\/users\/2"}],"replies":[{"embeddable":true,"href":"https:\/\/mientrada.com.ar\/sati\/wp-json\/wp\/v2\/comments?post=38542"}],"version-history":[{"count":2,"href":"https:\/\/mientrada.com.ar\/sati\/wp-json\/wp\/v2\/pages\/38542\/revisions"}],"predecessor-version":[{"id":38564,"href":"https:\/\/mientrada.com.ar\/sati\/wp-json\/wp\/v2\/pages\/38542\/revisions\/38564"}],"wp:attachment":[{"href":"https:\/\/mientrada.com.ar\/sati\/wp-json\/wp\/v2\/media?parent=38542"}],"curies":[{"name":"wp","href":"https:\/\/api.w.org\/{rel}","templated":true}]}}