{"id":21742,"date":"2025-04-13T21:49:19","date_gmt":"2025-04-13T21:49:19","guid":{"rendered":"https:\/\/mientrada.com.ar\/sati\/?page_id=21742"},"modified":"2025-09-08T22:46:45","modified_gmt":"2025-09-08T22:46:45","slug":"certificados-de-simposios-y-talleres","status":"publish","type":"page","link":"https:\/\/mientrada.com.ar\/sati\/certificados-de-simposios-y-talleres\/","title":{"rendered":"Certificados de Simposios y Talleres Congreso 2025"},"content":{"rendered":"<p class=\"has-vivid-red-color has-text-color has-link-color wp-elements-3ed2c500a1d4620a6723953db0b72f3b\">* <strong><strong>Por favor lea con atenci\u00f3n las siguientes instrucci\u00f3nes.<\/strong><\/strong> **<\/p><p class=\"has-black-color has-text-color has-link-color wp-elements-cdb3ed5f77f3399c8d401b6bd45882dc\"><strong>Pod\u00e9s buscar tu certificado de varias formas:<\/strong><\/p><ul class=\"wp-block-list lista-corta\"><li style=\"line-height:1\">Por Apellido (tal cual como lo detallaste en tu inscripci\u00f3n).<\/li>\n\n<li style=\"line-height:1\">Por Nombre (tal cual como lo detallaste en tu inscripci\u00f3n).<\/li>\n\n<li style=\"line-height:1\">Por e-mail.<\/li>\n\n<li style=\"line-height:1\">Por nombre o parte del nombre del simposio o taller al que asististe<\/li>\n\n<li style=\"line-height:1\">Por nombre de la empresa que realiz\u00f3 el simposio<\/li><\/ul><p class=\"has-black-color has-text-color has-link-color wp-elements-c8e51379129f614a2e23766cebf6e999\"><strong>Ingres\u00e1 cualquiera de estos datos y luego hac\u00e9 click en &#8220;Buscar&#8221;:<\/strong><\/p><form method=\"post\">\n    <input type=\"text\" name=\"search_file_talleres_2025\" id=\"search_file_talleres_2025\" placeholder=\"Escriba aqu\u00ed\" style=\"text-transform: uppercase;\">\n    <input type=\"submit\" value=\"Buscar\">\n<\/form><p class=\"has-vivid-red-color has-text-color has-link-color wp-elements-f5e5f602f2facd01afeb8ccf8ec964b5\">** <strong><strong>Los resultados se mostrar\u00e1n debajo de este cuadro de b\u00fasqueda<\/strong><\/strong> **<\/p><p><\/p>","protected":false},"excerpt":{"rendered":"<p>* Por favor lea con atenci\u00f3n las siguientes instrucci\u00f3nes. ** Pod\u00e9s buscar tu certificado de varias formas: Ingres\u00e1 cualquiera de estos datos y luego hac\u00e9 click en &#8220;Buscar&#8221;: ** Los resultados se mostrar\u00e1n debajo de este cuadro de b\u00fasqueda **<\/p>\n","protected":false},"author":2,"featured_media":0,"parent":0,"menu_order":0,"comment_status":"closed","ping_status":"closed","template":"","meta":{"footnotes":""},"class_list":["post-21742","page","type-page","status-publish","hentry"],"blocksy_meta":[],"_links":{"self":[{"href":"https:\/\/mientrada.com.ar\/sati\/wp-json\/wp\/v2\/pages\/21742","targetHints":{"allow":["GET"]}}],"collection":[{"href":"https:\/\/mientrada.com.ar\/sati\/wp-json\/wp\/v2\/pages"}],"about":[{"href":"https:\/\/mientrada.com.ar\/sati\/wp-json\/wp\/v2\/types\/page"}],"author":[{"embeddable":true,"href":"https:\/\/mientrada.com.ar\/sati\/wp-json\/wp\/v2\/users\/2"}],"replies":[{"embeddable":true,"href":"https:\/\/mientrada.com.ar\/sati\/wp-json\/wp\/v2\/comments?post=21742"}],"version-history":[{"count":6,"href":"https:\/\/mientrada.com.ar\/sati\/wp-json\/wp\/v2\/pages\/21742\/revisions"}],"predecessor-version":[{"id":38575,"href":"https:\/\/mientrada.com.ar\/sati\/wp-json\/wp\/v2\/pages\/21742\/revisions\/38575"}],"wp:attachment":[{"href":"https:\/\/mientrada.com.ar\/sati\/wp-json\/wp\/v2\/media?parent=21742"}],"curies":[{"name":"wp","href":"https:\/\/api.w.org\/{rel}","templated":true}]}}