{"id":21699,"date":"2025-04-13T21:49:19","date_gmt":"2025-04-13T21:49:19","guid":{"rendered":"https:\/\/mientrada.com.ar\/sati\/?page_id=21699"},"modified":"2025-04-13T21:51:43","modified_gmt":"2025-04-13T21:51:43","slug":"certificados","status":"publish","type":"page","link":"https:\/\/mientrada.com.ar\/sati\/certificados\/","title":{"rendered":"Descarga de Certificados Congreso 2024"},"content":{"rendered":"<p class=\"has-vivid-red-color has-text-color has-link-color wp-elements-c1c7b69ac5c05d51d3093290a2fe63c1\">** <strong><strong>Por favor lea con atenci\u00f3n las siguientes instrucci\u00f3nes.<\/strong><\/strong> **<\/p><p class=\"has-black-color has-text-color has-link-color wp-elements-cdb3ed5f77f3399c8d401b6bd45882dc\"><strong>Pod\u00e9s buscar tu certificado de varias formas:<\/strong><\/p><ul class=\"wp-block-list lista-corta\"><li>Por DNI (documento de identidad, solo n\u00fameros, sin puntos).<\/li>\n\n<li>Por apellido (tal cual como lo detallaste en tu inscripci\u00f3n).<\/li>\n\n<li>Por e-mail.<\/li><\/ul><p class=\"has-black-color has-text-color has-link-color wp-elements-8b0ca6d51137ec02b7fa19d74b8aa009\"><strong>Para descargar certificados de Trabajos Libres \/ P\u00f3sters presentados, busc\u00e1 por el t\u00edtulo o parte del t\u00edtulo del trabajo.<\/strong><\/p><p><strong>Para descargar constancias de Asistencia a Talleres o Simposios, hace <a href=\"https:\/\/mientrada.com.ar\/sati\/certificados-de-simposios-y-talleres\/\" data-type=\"page\" data-id=\"21742\">click aqui<\/a>.<\/strong><\/p><p class=\"has-black-color has-text-color has-link-color wp-elements-7fa6642be3993b088e3b74b4125b900b\"><strong>Ingres\u00e1 cualquiera de estos datos y luego hac\u00e9 click en &#8220;Buscar&#8221;:<\/strong><\/p><form method=\"post\">\n    <input type=\"text\" name=\"search_file_2024\" id=\"search_file_2024\" placeholder=\"Escriba aqu\u00ed\" style=\"text-transform: uppercase;\">\n    <input type=\"submit\" value=\"Buscar\">\n<\/form><p class=\"has-vivid-red-color has-text-color has-link-color wp-elements-797676fe3888e71d2229e751f21dc1b9\">** <strong><strong>Los resultados se mostrar\u00e1n debajo de este cuadro de b\u00fasqueda<\/strong><\/strong> **<\/p><p><\/p><p><\/p><p><\/p>","protected":false},"excerpt":{"rendered":"<p>** Por favor lea con atenci\u00f3n las siguientes instrucci\u00f3nes. ** Pod\u00e9s buscar tu certificado de varias formas: Para descargar certificados de Trabajos Libres \/ P\u00f3sters presentados, busc\u00e1 por el t\u00edtulo o parte del t\u00edtulo del trabajo. Para descargar constancias de Asistencia a Talleres o Simposios, hace click aqui. Ingres\u00e1 cualquiera de estos datos y luego [&hellip;]<\/p>\n","protected":false},"author":2,"featured_media":0,"parent":0,"menu_order":0,"comment_status":"closed","ping_status":"closed","template":"","meta":{"footnotes":""},"class_list":["post-21699","page","type-page","status-publish","hentry"],"blocksy_meta":[],"_links":{"self":[{"href":"https:\/\/mientrada.com.ar\/sati\/wp-json\/wp\/v2\/pages\/21699","targetHints":{"allow":["GET"]}}],"collection":[{"href":"https:\/\/mientrada.com.ar\/sati\/wp-json\/wp\/v2\/pages"}],"about":[{"href":"https:\/\/mientrada.com.ar\/sati\/wp-json\/wp\/v2\/types\/page"}],"author":[{"embeddable":true,"href":"https:\/\/mientrada.com.ar\/sati\/wp-json\/wp\/v2\/users\/2"}],"replies":[{"embeddable":true,"href":"https:\/\/mientrada.com.ar\/sati\/wp-json\/wp\/v2\/comments?post=21699"}],"version-history":[{"count":14,"href":"https:\/\/mientrada.com.ar\/sati\/wp-json\/wp\/v2\/pages\/21699\/revisions"}],"predecessor-version":[{"id":21810,"href":"https:\/\/mientrada.com.ar\/sati\/wp-json\/wp\/v2\/pages\/21699\/revisions\/21810"}],"wp:attachment":[{"href":"https:\/\/mientrada.com.ar\/sati\/wp-json\/wp\/v2\/media?parent=21699"}],"curies":[{"name":"wp","href":"https:\/\/api.w.org\/{rel}","templated":true}]}}